{"id":1162,"date":"2024-07-16T09:40:07","date_gmt":"2024-07-16T09:40:07","guid":{"rendered":"https:\/\/coralive.org\/?page_id=1162"},"modified":"2024-07-16T09:42:33","modified_gmt":"2024-07-16T09:42:33","slug":"legal-notice","status":"publish","type":"page","link":"https:\/\/www.coralive.org\/de\/legal-notice\/","title":{"rendered":"Impressum"},"content":{"rendered":"<div data-elementor-type=\"wp-page\" data-elementor-id=\"1162\" class=\"elementor elementor-1162\" data-elementor-post-type=\"page\">\n\t\t\t\t<div class=\"elementor-element elementor-element-59adf185 e-flex e-con-boxed jltma-glass-effect-no e-con e-parent\" data-id=\"59adf185\" data-element_type=\"container\" data-e-type=\"container\">\n\t\t\t\t\t<div class=\"e-con-inner\">\n\t\t\t\t<div class=\"elementor-element elementor-element-5751317 jltma-glass-effect-no elementor-widget elementor-widget-heading\" data-id=\"5751317\" data-element_type=\"widget\" data-e-type=\"widget\" data-widget_type=\"heading.default\">\n\t\t\t\t<div class=\"elementor-widget-container\">\n\t\t\t\t\t<h2 class=\"elementor-heading-title elementor-size-default\">Impressum<\/h2>\t\t\t\t<\/div>\n\t\t\t\t<\/div>\n\t\t\t\t<div class=\"elementor-element elementor-element-1e901903 jltma-glass-effect-no elementor-widget elementor-widget-text-editor\" data-id=\"1e901903\" data-element_type=\"widget\" data-e-type=\"widget\" data-widget_type=\"text-editor.default\">\n\t\t\t\t<div class=\"elementor-widget-container\">\n\t\t\t\t\t\t\t\t\t\n<p>Pr\u00e4sident:&nbsp;<strong>Ahmad Allahgholi<\/strong><\/p>\n\n\n\n<p><strong>Verein Coralive<\/strong><br>c\/o P. Mohler<br>St.Alban-Anlage 33<br>4052 Basel<br>Schweiz<\/p>\n\n\n\n<p>Telefon: +41 44 586 8663<br>info@coralive.org<br>www.coralive.org<\/p>\n\n\n\n<p><strong>Organisation<\/strong><\/p>\n\n\n\n<p><strong>Gemeinn\u00fctzigkeit &amp; Transparenz<\/strong><\/p>\n\n\n\n<p>Coralive ist eine Nichtregierungsorganisation. Coralive agiert unabh\u00e4ngig von allen politischen Parteien und Regierungen sowie wirtschaftlichen oder religi\u00f6sen Interessengruppen. Die Arbeit von Coralive wird durch G\u00f6nner, Spender, Mitglieder, gemeinn\u00fctzige Stiftungen und Verm\u00e4chtnisse finanziert.<\/p>\n\n\n\n<p>Seit 2018 ist Coralive von den kantonalen Finanzdirektionen und der Eidgen\u00f6ssischen Steuerverwaltung als gemeinn\u00fctzig und als besonders f\u00f6rderungsw\u00fcrdig anerkannt. Spenden an Coralive sind in der Schweiz steuerlich abzugsf\u00e4hig. Der Verein stellt Spendenbescheinigungen \u00fcber in- oder ausl\u00e4ndische Zuwendungen aus.<\/p>\n\n\n\n<p>Coralive legt gro\u00dfen Wert auf Sorgfalt, Effizienz und die Einhaltung ethischer Standards bei der Verwendung der anvertrauten Spenden. \u00dcber 90 % der Gelder, die wir erhalten, werden direkt in unsere Arbeit im Rahmen von Naturschutzprojekten sowie in Kampagnen, \u00d6ffentlichkeitsarbeit und Aufkl\u00e4rungsarbeit investiert.<\/p>\n\n\n\n<p>Coralive berichtet \u00fcber seine Aktivit\u00e4ten durch unseren Jahresbericht, unsere Website und regelm\u00e4\u00dfig \u00fcber soziale Medien sowie halbj\u00e4hrliche Steuerberichte an die Regierung.<\/p>\n\n\n\n<p><strong>Allianzen<\/strong><\/p>\n\n\n\n<p>Coralive ist unabh\u00e4ngig und gesellschaftsrechtlich nicht mit anderen Organisationen verbunden. Coralive arbeitet jedoch eng mit anderen Organisationen im In- und Ausland zusammen, um den Schutz der Ozeane und der Tierwelt wirksam zu f\u00f6rdern.<\/p>\n\n\n\n<p><strong>Handelsregistereintrag<\/strong><\/p>\n\n\n\n<p>Coralive ist im Schweizerischen Handelsregister unter der Nummer CH-311.736.420 eingetragen.<\/p>\n\n\n\n<p><strong>Datenprivatsph\u00e4re<\/strong><\/p>\n\n\n\n<p>Unsere&nbsp;<a href=\"https:\/\/www.coralive.org\/de\/data-privacy\/\"><u>Datenschutzerkl\u00e4rung<\/u><\/a>&nbsp;gibt Auskunft \u00fcber die Erhebung und Verwendung personenbezogener Daten bei Nutzung unserer Website. Wir halten uns an die schweizerischen Datenschutzgesetze.<\/p>\n\n\n\n<p><strong>Bilder urheberrechtlich gesch\u00fctzt<\/strong><\/p>\n\n\n\n<p>Bilder, die auf der Website, in Berichten und in sozialen Medien verwendet werden, sind ohne Copyright und sind pers\u00f6nliche Fotografien, die von Daniel Bichsel und Chris Keller erstellt wurden.<\/p>\n\t\t\t\t\t\t\t\t<\/div>\n\t\t\t\t<\/div>\n\t\t\t\t\t<\/div>\n\t\t\t\t<\/div>\n\t\t\t\t<\/div>","protected":false},"excerpt":{"rendered":"<p>Legal Notice President:&nbsp;Ahmad Allahgholi Association Coralivec\/o P. MohlerSt.Alban-Anlage 334052 BaselSwitzerland Tel: +41 44&nbsp;586 8663info@coralive.orgwww.coralive.org Organisation Non-Profit Status &amp; Transparency Coralive is a non-governmental organisation. Coralive operates independently of all political parties and governments as well as economic or religious interest groups. Coralive\u2019s work is funded by benefactors, donors, members, charitable foundations and legacies. Since 2018, [&hellip;]<\/p>\n","protected":false},"author":2,"featured_media":0,"parent":0,"menu_order":0,"comment_status":"closed","ping_status":"closed","template":"","meta":{"_monsterinsights_skip_tracking":false,"_monsterinsights_sitenote_active":false,"_monsterinsights_sitenote_note":"","_monsterinsights_sitenote_category":0,"footnotes":""},"class_list":["post-1162","page","type-page","status-publish","hentry"],"acf":[],"aioseo_notices":[],"_links":{"self":[{"href":"https:\/\/www.coralive.org\/de\/wp-json\/wp\/v2\/pages\/1162","targetHints":{"allow":["GET"]}}],"collection":[{"href":"https:\/\/www.coralive.org\/de\/wp-json\/wp\/v2\/pages"}],"about":[{"href":"https:\/\/www.coralive.org\/de\/wp-json\/wp\/v2\/types\/page"}],"author":[{"embeddable":true,"href":"https:\/\/www.coralive.org\/de\/wp-json\/wp\/v2\/users\/2"}],"replies":[{"embeddable":true,"href":"https:\/\/www.coralive.org\/de\/wp-json\/wp\/v2\/comments?post=1162"}],"version-history":[{"count":4,"href":"https:\/\/www.coralive.org\/de\/wp-json\/wp\/v2\/pages\/1162\/revisions"}],"predecessor-version":[{"id":1167,"href":"https:\/\/www.coralive.org\/de\/wp-json\/wp\/v2\/pages\/1162\/revisions\/1167"}],"wp:attachment":[{"href":"https:\/\/www.coralive.org\/de\/wp-json\/wp\/v2\/media?parent=1162"}],"curies":[{"name":"wp","href":"https:\/\/api.w.org\/{rel}","templated":true}]}}