{"id":143,"date":"2024-05-28T12:17:32","date_gmt":"2024-05-28T12:17:32","guid":{"rendered":"https:\/\/coralive.org\/?page_id=143"},"modified":"2024-06-19T10:39:19","modified_gmt":"2024-06-19T10:39:19","slug":"our-work","status":"publish","type":"page","link":"https:\/\/www.coralive.org\/de\/about-us\/our-work\/","title":{"rendered":"Unsere Arbeit"},"content":{"rendered":"<div data-elementor-type=\"wp-page\" data-elementor-id=\"143\" class=\"elementor elementor-143\" data-elementor-post-type=\"page\">\n\t\t\t\t<div class=\"elementor-element elementor-element-2d75f42 e-flex e-con-boxed jltma-glass-effect-no e-con e-parent\" data-id=\"2d75f42\" data-element_type=\"container\" data-e-type=\"container\" data-settings=\"{&quot;background_background&quot;:&quot;classic&quot;}\">\n\t\t\t\t\t<div class=\"e-con-inner\">\n\t\t\t\t<div class=\"elementor-element elementor-element-ae3c422 jltma-glass-effect-no elementor-widget elementor-widget-heading\" data-id=\"ae3c422\" data-element_type=\"widget\" data-e-type=\"widget\" data-widget_type=\"heading.default\">\n\t\t\t\t<div class=\"elementor-widget-container\">\n\t\t\t\t\t<h2 class=\"elementor-heading-title elementor-size-default\">Unsere Arbeit<\/h2>\t\t\t\t<\/div>\n\t\t\t\t<\/div>\n\t\t\t\t\t<\/div>\n\t\t\t\t<\/div>\n\t\t<div class=\"elementor-element elementor-element-1b62fc1 e-flex e-con-boxed jltma-glass-effect-no e-con e-parent\" data-id=\"1b62fc1\" data-element_type=\"container\" data-e-type=\"container\">\n\t\t\t\t\t<div class=\"e-con-inner\">\n\t\t<div class=\"elementor-element elementor-element-c8042fc e-con-full e-flex jltma-glass-effect-no e-con e-child\" data-id=\"c8042fc\" data-element_type=\"container\" data-e-type=\"container\">\n\t\t\t\t<div class=\"elementor-element elementor-element-98ffeeb jltma-glass-effect-no elementor-widget elementor-widget-heading\" data-id=\"98ffeeb\" data-element_type=\"widget\" data-e-type=\"widget\" data-widget_type=\"heading.default\">\n\t\t\t\t<div class=\"elementor-widget-container\">\n\t\t\t\t\t<h2 class=\"elementor-heading-title elementor-size-default\">K\u00fcstensanierung\n<\/h2>\t\t\t\t<\/div>\n\t\t\t\t<\/div>\n\t\t\t\t<div class=\"elementor-element elementor-element-2373dc7 jltma-glass-effect-no elementor-widget elementor-widget-text-editor\" data-id=\"2373dc7\" data-element_type=\"widget\" data-e-type=\"widget\" data-widget_type=\"text-editor.default\">\n\t\t\t\t<div class=\"elementor-widget-container\">\n\t\t\t\t\t\t\t\t\t<p id=\"shoreline\" class=\"anchor\">K\u00fcstengebiete und Meeres\u00f6kosysteme auf der ganzen Welt sind erheblichen und unmittelbaren Bedrohungen ausgesetzt. Viele Regionen, die durch Umweltverschmutzung, Ausbeutung nat\u00fcrlicher Ressourcen, Klimawandel, Zerst\u00f6rung von Lebensr\u00e4umen und die Versch\u00e4rfung dieser Einfl\u00fcsse stark belastet sind, haben M\u00fche, sich zu erholen. Coralive bietet globale \"Best Practices\", um den Heilungsprozess zu katalysieren und die Widerstandsf\u00e4higkeit des \u00d6kosystems dieser Gebiete gegen zuk\u00fcnftige St\u00f6rungen zu erh\u00f6hen.<\/p><ul><li>Wiederherstellung des Korallenriffs<\/li><li>Schutz von K\u00fcstenregionen<\/li><li>Umsiedlung von Korallenriffen<\/li><li>Wiederaufforstung von Mangroven<\/li><li>Seegraspflanzung<\/li><\/ul>\t\t\t\t\t\t\t\t<\/div>\n\t\t\t\t<\/div>\n\t\t\t\t<\/div>\n\t\t<div class=\"elementor-element elementor-element-29243bf e-con-full e-flex jltma-glass-effect-no e-con e-child\" data-id=\"29243bf\" data-element_type=\"container\" data-e-type=\"container\">\n\t\t\t\t<div class=\"elementor-element elementor-element-1febc66 jltma-glass-effect-no elementor-widget elementor-widget-image\" data-id=\"1febc66\" data-element_type=\"widget\" data-e-type=\"widget\" data-widget_type=\"image.default\">\n\t\t\t\t<div class=\"elementor-widget-container\">\n\t\t\t\t\t\t\t\t\t\t\t\t\t\t\t<img decoding=\"async\" src=\"https:\/\/www.coralive.org\/wp-content\/uploads\/elementor\/thumbs\/coral-restoration-qotqj8m9l5xrc1n39or6o5iygq3xokx1nv79h1tfso.jpg\" title=\"Korallen-Wiederherstellung\" alt=\"coral-restoration\" loading=\"lazy\" \/>\t\t\t\t\t\t\t\t\t\t\t\t\t\t\t<\/div>\n\t\t\t\t<\/div>\n\t\t\t\t<\/div>\n\t\t\t\t\t<\/div>\n\t\t\t\t<\/div>\n\t\t<div class=\"elementor-element elementor-element-a628254 e-flex e-con-boxed jltma-glass-effect-no e-con e-parent\" data-id=\"a628254\" data-element_type=\"container\" data-e-type=\"container\">\n\t\t\t\t\t<div class=\"e-con-inner\">\n\t\t<div class=\"elementor-element elementor-element-acebcf5 e-con-full e-flex jltma-glass-effect-no e-con e-child\" data-id=\"acebcf5\" data-element_type=\"container\" data-e-type=\"container\">\n\t\t\t\t<div class=\"elementor-element elementor-element-e8e2710 jltma-glass-effect-no elementor-widget elementor-widget-image\" data-id=\"e8e2710\" data-element_type=\"widget\" data-e-type=\"widget\" data-widget_type=\"image.default\">\n\t\t\t\t<div class=\"elementor-widget-container\">\n\t\t\t\t\t\t\t\t\t\t\t\t\t\t\t<img decoding=\"async\" src=\"https:\/\/www.coralive.org\/wp-content\/uploads\/elementor\/thumbs\/marine-protect-600-qotqy5c47wb6pjdeyk17zrw53u13bhn7cn1ca25oa8.jpg\" title=\"marine-protect-600\" alt=\"marine-protect-600\" loading=\"lazy\" \/>\t\t\t\t\t\t\t\t\t\t\t\t\t\t\t<\/div>\n\t\t\t\t<\/div>\n\t\t\t\t<\/div>\n\t\t<div class=\"elementor-element elementor-element-a14a85b e-con-full e-flex jltma-glass-effect-no e-con e-child\" data-id=\"a14a85b\" data-element_type=\"container\" data-e-type=\"container\">\n\t\t\t\t<div class=\"elementor-element elementor-element-c615478 jltma-glass-effect-no elementor-widget elementor-widget-heading\" data-id=\"c615478\" data-element_type=\"widget\" data-e-type=\"widget\" data-widget_type=\"heading.default\">\n\t\t\t\t<div class=\"elementor-widget-container\">\n\t\t\t\t\t<h2 class=\"elementor-heading-title elementor-size-default\">Meeresschutzgebiete\n<\/h2>\t\t\t\t<\/div>\n\t\t\t\t<\/div>\n\t\t\t\t<div class=\"elementor-element elementor-element-c76c774 jltma-glass-effect-no elementor-widget elementor-widget-text-editor\" data-id=\"c76c774\" data-element_type=\"widget\" data-e-type=\"widget\" data-widget_type=\"text-editor.default\">\n\t\t\t\t<div class=\"elementor-widget-container\">\n\t\t\t\t\t\t\t\t\t<p id=\"marine\" class=\"anchor\">Meeresschutzgebiete (MPAs) sind Regionen, die menschliche Aktivit\u00e4ten in unterschiedlichem Umfang regulieren und einschr\u00e4nken. Ein effektives Management von MPAs ist notwendig, um die Gesundheit des \u00d6kosystems wiederherzustellen, indem Meerestierpopulationen wiederhergestellt und die Biodiversit\u00e4t erhalten werden, w\u00e4hrend gleichzeitig die Bed\u00fcrfnisse von K\u00fcstengemeinden erf\u00fcllt werden, die auf die Ressourcen des Ozeans angewiesen sind. Diese Bem\u00fchungen stehen im Einklang mit den Zielen der Vereinten Nationen f\u00fcr nachhaltige Entwicklung (UN SDGs). Coralive bringt alle Beteiligten zusammen, um diese lebenswichtigen Zufluchtsorte in der Natur zu entwerfen, zu errichten und zu verwalten.<\/p><ul><li>Erstellung und Umsetzung von MPA-Managementpl\u00e4nen<\/li><li>Installation modernster technischer Unterst\u00fctzungssysteme<\/li><li>\u00dcberwachungs- und Durchsetzungsschulungen<\/li><\/ul>\t\t\t\t\t\t\t\t<\/div>\n\t\t\t\t<\/div>\n\t\t\t\t<\/div>\n\t\t\t\t\t<\/div>\n\t\t\t\t<\/div>\n\t\t<div class=\"elementor-element elementor-element-71e2d14 e-flex e-con-boxed jltma-glass-effect-no e-con e-parent\" data-id=\"71e2d14\" data-element_type=\"container\" data-e-type=\"container\">\n\t\t\t\t\t<div class=\"e-con-inner\">\n\t\t<div class=\"elementor-element elementor-element-aabb033 e-con-full e-flex jltma-glass-effect-no e-con e-child\" data-id=\"aabb033\" data-element_type=\"container\" data-e-type=\"container\">\n\t\t\t\t<div class=\"elementor-element elementor-element-7889274 jltma-glass-effect-no elementor-widget elementor-widget-heading\" data-id=\"7889274\" data-element_type=\"widget\" data-e-type=\"widget\" data-widget_type=\"heading.default\">\n\t\t\t\t<div class=\"elementor-widget-container\">\n\t\t\t\t\t<h2 class=\"elementor-heading-title elementor-size-default\">Umweltdatenerhebung\n<\/h2>\t\t\t\t<\/div>\n\t\t\t\t<\/div>\n\t\t\t\t<div class=\"elementor-element elementor-element-6d485f7 jltma-glass-effect-no elementor-widget elementor-widget-text-editor\" data-id=\"6d485f7\" data-element_type=\"widget\" data-e-type=\"widget\" data-widget_type=\"text-editor.default\">\n\t\t\t\t<div class=\"elementor-widget-container\">\n\t\t\t\t\t\t\t\t\t<p id=\"data\" class=\"anchor\">Daten sind ein entscheidender Vorl\u00e4ufer aller Umweltschutzbem\u00fchungen. Coralive bietet \u00f6kologische Vermessungs- und \u00dcberwachungsdienste an, um den aktuellen Status von Projektgebieten zu ermitteln und das Management bei der Entscheidungsfindung zu unterst\u00fctzen. Wir verwenden die neueste verf\u00fcgbare Technologie, um Unterwasserkartierungen, Luftaufnahmen und Live-Multiparameter-Wasserqualit\u00e4tsanalysen durchzuf\u00fchren.<\/p><ul><li>Bathymetrie- und Photogrammetrie-Scans<\/li><li>Umweltvertr\u00e4glichkeitspr\u00fcfungen (UVP)<\/li><li>\u00dcberwachung \u00f6kologischer Schl\u00fcsselkomponenten<\/li><li>Livestream-Unterwasserkameras mit KI<\/li><\/ul>\t\t\t\t\t\t\t\t<\/div>\n\t\t\t\t<\/div>\n\t\t\t\t<\/div>\n\t\t<div class=\"elementor-element elementor-element-88db033 e-con-full e-flex jltma-glass-effect-no e-con e-child\" data-id=\"88db033\" data-element_type=\"container\" data-e-type=\"container\">\n\t\t\t\t<div class=\"elementor-element elementor-element-975886e jltma-glass-effect-no elementor-widget elementor-widget-image\" data-id=\"975886e\" data-element_type=\"widget\" data-e-type=\"widget\" data-widget_type=\"image.default\">\n\t\t\t\t<div class=\"elementor-widget-container\">\n\t\t\t\t\t\t\t\t\t\t\t\t\t\t\t<img decoding=\"async\" src=\"https:\/\/www.coralive.org\/wp-content\/uploads\/elementor\/thumbs\/coralife-data-collection-600-qotqjahy75z17eyapmui30uv3l98npnxn3u27m6omo.jpg\" title=\"korallenarten-daten-sammlung-600\" alt=\"coralife-data-collection-600\" loading=\"lazy\" \/>\t\t\t\t\t\t\t\t\t\t\t\t\t\t\t<\/div>\n\t\t\t\t<\/div>\n\t\t\t\t<\/div>\n\t\t\t\t\t<\/div>\n\t\t\t\t<\/div>\n\t\t<div class=\"elementor-element elementor-element-00120bb e-flex e-con-boxed jltma-glass-effect-no e-con e-parent\" data-id=\"00120bb\" data-element_type=\"container\" data-e-type=\"container\">\n\t\t\t\t\t<div class=\"e-con-inner\">\n\t\t<div class=\"elementor-element elementor-element-9df8e90 e-con-full e-flex jltma-glass-effect-no e-con e-child\" data-id=\"9df8e90\" data-element_type=\"container\" data-e-type=\"container\">\n\t\t\t\t<div class=\"elementor-element elementor-element-5ddaef8 jltma-glass-effect-no elementor-widget elementor-widget-image\" data-id=\"5ddaef8\" data-element_type=\"widget\" data-e-type=\"widget\" data-widget_type=\"image.default\">\n\t\t\t\t<div class=\"elementor-widget-container\">\n\t\t\t\t\t\t\t\t\t\t\t\t\t\t\t<img decoding=\"async\" src=\"https:\/\/www.coralive.org\/wp-content\/uploads\/elementor\/thumbs\/coralife-lifehood-qotqjbfs2livqjfm9sjrtd2juhxu3i91sz82m3tb6w.jpg\" title=\"Korallen-Lebensraum\" alt=\"coralife-lifehood\" loading=\"lazy\" \/>\t\t\t\t\t\t\t\t\t\t\t\t\t\t\t<\/div>\n\t\t\t\t<\/div>\n\t\t\t\t<\/div>\n\t\t<div class=\"elementor-element elementor-element-211acfc e-con-full e-flex jltma-glass-effect-no e-con e-child\" data-id=\"211acfc\" data-element_type=\"container\" data-e-type=\"container\">\n\t\t\t\t<div class=\"elementor-element elementor-element-8c47e7e jltma-glass-effect-no elementor-widget elementor-widget-heading\" data-id=\"8c47e7e\" data-element_type=\"widget\" data-e-type=\"widget\" data-widget_type=\"heading.default\">\n\t\t\t\t<div class=\"elementor-widget-container\">\n\t\t\t\t\t<h2 class=\"elementor-heading-title elementor-size-default\">L\u00f6sungen f\u00fcr den Lebensunterhalt<\/h2>\t\t\t\t<\/div>\n\t\t\t\t<\/div>\n\t\t\t\t<div class=\"elementor-element elementor-element-7e06aea jltma-glass-effect-no elementor-widget elementor-widget-text-editor\" data-id=\"7e06aea\" data-element_type=\"widget\" data-e-type=\"widget\" data-widget_type=\"text-editor.default\">\n\t\t\t\t<div class=\"elementor-widget-container\">\n\t\t\t\t\t\t\t\t\t<div class=\"col-md-8 order-md-2\"><p id=\"livelihood\" class=\"anchor\">Die unglaubliche Bedeutung der Fischerei f\u00fcr die Lebensgrundlage der K\u00fcstengemeinden ist gut dokumentiert. W\u00e4hrend z.B. Einschr\u00e4nkung oder Verbot von Fischereit\u00e4tigkeiten ist es entscheidend, die Bed\u00fcrfnisse und das Wissen der K\u00fcstengemeinden bei der Gestaltung und Durchsetzung des Bewirtschaftungsplans zu ber\u00fccksichtigen. Es m\u00fcssen alternative M\u00f6glichkeiten entwickelt werden, um Einkommen und Ern\u00e4hrungssicherheit zu garantieren, um den Fischereidruck vom Meer abzulenken. Coralive verf\u00fcgt \u00fcber Expertise in der Planung und Umsetzung solcher Projekte, um sicherzustellen, dass alle Stimmen geh\u00f6rt und alle Bed\u00fcrfnisse erf\u00fcllt werden.<\/p><ul><li>Abfallmanagement einschlie\u00dflich Waste-to-Wealth-Initiativen<\/li><li>Algenzucht und umweltfreundliche Aquakultur<\/li><\/ul><\/div>\t\t\t\t\t\t\t\t<\/div>\n\t\t\t\t<\/div>\n\t\t\t\t<\/div>\n\t\t\t\t\t<\/div>\n\t\t\t\t<\/div>\n\t\t<div class=\"elementor-element elementor-element-92916c9 e-flex e-con-boxed jltma-glass-effect-no e-con e-parent\" data-id=\"92916c9\" data-element_type=\"container\" data-e-type=\"container\">\n\t\t\t\t\t<div class=\"e-con-inner\">\n\t\t<div class=\"elementor-element elementor-element-0438e14 e-con-full e-flex jltma-glass-effect-no e-con e-child\" data-id=\"0438e14\" data-element_type=\"container\" data-e-type=\"container\">\n\t\t\t\t<div class=\"elementor-element elementor-element-09ac7b3 jltma-glass-effect-no elementor-widget elementor-widget-heading\" data-id=\"09ac7b3\" data-element_type=\"widget\" data-e-type=\"widget\" data-widget_type=\"heading.default\">\n\t\t\t\t<div class=\"elementor-widget-container\">\n\t\t\t\t\t<h2 class=\"elementor-heading-title elementor-size-default\">\nUmwelterziehung<\/h2>\t\t\t\t<\/div>\n\t\t\t\t<\/div>\n\t\t\t\t<div class=\"elementor-element elementor-element-ab56bb4 jltma-glass-effect-no elementor-widget elementor-widget-text-editor\" data-id=\"ab56bb4\" data-element_type=\"widget\" data-e-type=\"widget\" data-widget_type=\"text-editor.default\">\n\t\t\t\t<div class=\"elementor-widget-container\">\n\t\t\t\t\t\t\t\t\t<p id=\"education\" class=\"anchor\">Coralives letzter wichtiger Schwerpunktbereich ist die angemessene Weitergabe von Wissen und Erfahrung an die Anwohner und zuk\u00fcnftige Generationen. Indem einer Gemeinschaft die notwendigen Werkzeuge zur Verf\u00fcgung gestellt werden, um sich f\u00fcr langfristige Bed\u00fcrfnisse einzusetzen und diese aufrechtzuerhalten und gleichzeitig die Bed\u00fcrfnisse des Planeten zu verstehen, wird die nachhaltige Bewirtschaftung von Ressourcen und das kontinuierliche Engagement der Gemeinschaftsmitglieder bei der Erreichung ihrer Ziele sichergestellt.<\/p><ul><li>Sensibilisierungskampagnen zur Verschmutzung durch Plastik<\/li><li>Bildung zu Korallenriffen, Mangrovenw\u00e4ldern und Seegras<\/li><li>Strand- und Ozeans\u00e4uberungsveranstaltungen<\/li><li>Medienerstellung<\/li><\/ul>\t\t\t\t\t\t\t\t<\/div>\n\t\t\t\t<\/div>\n\t\t\t\t<\/div>\n\t\t<div class=\"elementor-element elementor-element-24e8550 e-con-full e-flex jltma-glass-effect-no e-con e-child\" data-id=\"24e8550\" data-element_type=\"container\" data-e-type=\"container\">\n\t\t\t\t<div class=\"elementor-element elementor-element-00ee651 jltma-glass-effect-no elementor-widget elementor-widget-image\" data-id=\"00ee651\" data-element_type=\"widget\" data-e-type=\"widget\" data-widget_type=\"image.default\">\n\t\t\t\t<div class=\"elementor-widget-container\">\n\t\t\t\t\t\t\t\t\t\t\t\t\t\t\t<img decoding=\"async\" src=\"https:\/\/www.coralive.org\/wp-content\/uploads\/elementor\/thumbs\/img4-qotqjdbgjc46y3g9i8sbimc9fngrr2fpcigovfmgxk.jpg\" title=\"Internationale K\u00fcstens\u00e4uberungsaktion 2011 in Jamaika.\" alt=\"International Coastal Cleanup 2011 in Jamaica.\" loading=\"lazy\" \/>\t\t\t\t\t\t\t\t\t\t\t\t\t\t\t<\/div>\n\t\t\t\t<\/div>\n\t\t\t\t<\/div>\n\t\t\t\t\t<\/div>\n\t\t\t\t<\/div>\n\t\t\t\t<\/div>","protected":false},"excerpt":{"rendered":"<p>Shoreline Restoration Coastal areas and marine ecosystems around the world are facing significant and immediate threats. Highly stressed by pollution, natural resources exploitation, climate change, habitat destruction, and the compounding of these forces, many regions are struggling to recover. Coralive provides global best practices to catalyze the healing process and increase the ecosystem resiliency of [&hellip;]<\/p>\n","protected":false},"author":1,"featured_media":0,"parent":141,"menu_order":0,"comment_status":"closed","ping_status":"closed","template":"","meta":{"_monsterinsights_skip_tracking":false,"_monsterinsights_sitenote_active":false,"_monsterinsights_sitenote_note":"","_monsterinsights_sitenote_category":0,"footnotes":""},"class_list":["post-143","page","type-page","status-publish","hentry"],"acf":[],"aioseo_notices":[],"_links":{"self":[{"href":"https:\/\/www.coralive.org\/de\/wp-json\/wp\/v2\/pages\/143","targetHints":{"allow":["GET"]}}],"collection":[{"href":"https:\/\/www.coralive.org\/de\/wp-json\/wp\/v2\/pages"}],"about":[{"href":"https:\/\/www.coralive.org\/de\/wp-json\/wp\/v2\/types\/page"}],"author":[{"embeddable":true,"href":"https:\/\/www.coralive.org\/de\/wp-json\/wp\/v2\/users\/1"}],"replies":[{"embeddable":true,"href":"https:\/\/www.coralive.org\/de\/wp-json\/wp\/v2\/comments?post=143"}],"version-history":[{"count":31,"href":"https:\/\/www.coralive.org\/de\/wp-json\/wp\/v2\/pages\/143\/revisions"}],"predecessor-version":[{"id":866,"href":"https:\/\/www.coralive.org\/de\/wp-json\/wp\/v2\/pages\/143\/revisions\/866"}],"up":[{"embeddable":true,"href":"https:\/\/www.coralive.org\/de\/wp-json\/wp\/v2\/pages\/141"}],"wp:attachment":[{"href":"https:\/\/www.coralive.org\/de\/wp-json\/wp\/v2\/media?parent=143"}],"curies":[{"name":"wp","href":"https:\/\/api.w.org\/{rel}","templated":true}]}}