{"id":157,"date":"2024-05-28T12:40:12","date_gmt":"2024-05-28T12:40:12","guid":{"rendered":"https:\/\/coralive.org\/?page_id=157"},"modified":"2025-12-13T14:28:21","modified_gmt":"2025-12-13T13:28:21","slug":"who-we-are","status":"publish","type":"page","link":"https:\/\/www.coralive.org\/de\/about-us\/who-we-are\/","title":{"rendered":"Wer wir sind"},"content":{"rendered":"<div data-elementor-type=\"wp-page\" data-elementor-id=\"157\" class=\"elementor elementor-157\" data-elementor-post-type=\"page\">\n\t\t\t\t<div class=\"elementor-element elementor-element-7b03da9 e-flex e-con-boxed jltma-glass-effect-no e-con e-parent\" data-id=\"7b03da9\" data-element_type=\"container\" data-e-type=\"container\" data-settings=\"{&quot;background_background&quot;:&quot;classic&quot;}\">\n\t\t\t\t\t<div class=\"e-con-inner\">\n\t\t\t\t<div class=\"elementor-element elementor-element-b5e49e6 jltma-glass-effect-no elementor-widget elementor-widget-heading\" data-id=\"b5e49e6\" data-element_type=\"widget\" data-e-type=\"widget\" data-widget_type=\"heading.default\">\n\t\t\t\t<div class=\"elementor-widget-container\">\n\t\t\t\t\t<h2 class=\"elementor-heading-title elementor-size-default\">Wer wir sind<\/h2>\t\t\t\t<\/div>\n\t\t\t\t<\/div>\n\t\t\t\t\t<\/div>\n\t\t\t\t<\/div>\n\t\t<div class=\"elementor-element elementor-element-400ce40 e-flex e-con-boxed jltma-glass-effect-no e-con e-parent\" data-id=\"400ce40\" data-element_type=\"container\" data-e-type=\"container\">\n\t\t\t\t\t<div class=\"e-con-inner\">\n\t\t\t\t<div class=\"elementor-element elementor-element-338ce36 jltma-glass-effect-no elementor-widget elementor-widget-text-editor\" data-id=\"338ce36\" data-element_type=\"widget\" data-e-type=\"widget\" data-widget_type=\"text-editor.default\">\n\t\t\t\t<div class=\"elementor-widget-container\">\n\t\t\t\t\t\t\t\t\t<h5>Die Geschichte von Coralive<\/h5><p>Coralive ist eine Umweltorganisation (CHE-311.736.420 Registrierungsnummer des Schweizer Verbands und CR\/99\/2021 Maledivisches NGO-Register), die sich leidenschaftlich f\u00fcr den Ozean einsetzt und weltweit t\u00e4tig ist, um K\u00fcsten\u00f6kosysteme zu sch\u00fctzen, zu verwalten und wiederherzustellen. Wie in der Natur sind Vielfalt und Synergien der Schl\u00fcssel zur Schaffung einer gesunden Umwelt, daher repr\u00e4sentiert unser Team unterschiedliche Erfahrungshintergr\u00fcnde und Fachkenntnisse, um die facettenreichen Dienstleistungen zu erbringen, die wir anbieten.<\/p><p>Die Coralive-Familie ist ein wachsendes globales Netzwerk von gleichgesinnten Menschen, Organisationen und Gesch\u00e4ftspartnern, die immer offen f\u00fcr neue Beitr\u00e4ge und Partnerschaften sind, also lassen Sie uns wissen, wie Sie sich eine Zusammenarbeit vorstellen k\u00f6nnten!<\/p>\t\t\t\t\t\t\t\t<\/div>\n\t\t\t\t<\/div>\n\t\t\t\t\t<\/div>\n\t\t\t\t<\/div>\n\t\t<div class=\"elementor-element elementor-element-a9dca6d e-flex e-con-boxed jltma-glass-effect-no e-con e-parent\" data-id=\"a9dca6d\" data-element_type=\"container\" data-e-type=\"container\">\n\t\t\t\t\t<div class=\"e-con-inner\">\n\t\t<div class=\"elementor-element elementor-element-eb4bfe1 e-con-full e-flex jltma-glass-effect-no e-con e-child\" data-id=\"eb4bfe1\" data-element_type=\"container\" data-e-type=\"container\">\n\t\t\t\t<div class=\"elementor-element elementor-element-3fa8d6f elementor-position-top jltma-glass-effect-no elementor-widget elementor-widget-image-box\" data-id=\"3fa8d6f\" data-element_type=\"widget\" data-e-type=\"widget\" data-widget_type=\"image-box.default\">\n\t\t\t\t<div class=\"elementor-widget-container\">\n\t\t\t\t\t<div class=\"elementor-image-box-wrapper\"><figure class=\"elementor-image-box-img\"><img decoding=\"async\" width=\"150\" height=\"150\" src=\"https:\/\/www.coralive.org\/wp-content\/uploads\/2024\/07\/Zoe_squared-150x150.jpg\" class=\"attachment-thumbnail size-thumbnail wp-image-1186\" alt=\"\" srcset=\"https:\/\/www.coralive.org\/wp-content\/uploads\/2024\/07\/Zoe_squared-150x150.jpg 150w, https:\/\/www.coralive.org\/wp-content\/uploads\/2024\/07\/Zoe_squared-300x300.jpg 300w, https:\/\/www.coralive.org\/wp-content\/uploads\/2024\/07\/Zoe_squared-1024x1024.jpg 1024w, https:\/\/www.coralive.org\/wp-content\/uploads\/2024\/07\/Zoe_squared-768x768.jpg 768w, https:\/\/www.coralive.org\/wp-content\/uploads\/2024\/07\/Zoe_squared-1536x1536.jpg 1536w, https:\/\/www.coralive.org\/wp-content\/uploads\/2024\/07\/Zoe_squared-12x12.jpg 12w, https:\/\/www.coralive.org\/wp-content\/uploads\/2024\/07\/Zoe_squared-700x700.jpg 700w, https:\/\/www.coralive.org\/wp-content\/uploads\/2024\/07\/Zoe_squared.jpg 1996w\" sizes=\"(max-width: 150px) 100vw, 150px\" \/><\/figure><div class=\"elementor-image-box-content\"><h3 class=\"elementor-image-box-title\">Zoe Walker<\/h3><p class=\"elementor-image-box-description\">Co-Direktor<\/p><\/div><\/div>\t\t\t\t<\/div>\n\t\t\t\t<\/div>\n\t\t\t\t<div class=\"elementor-element elementor-element-4925793 jltma-glass-effect-no elementor-widget elementor-widget-text-editor\" data-id=\"4925793\" data-element_type=\"widget\" data-e-type=\"widget\" data-widget_type=\"text-editor.default\">\n\t\t\t\t<div class=\"elementor-widget-container\">\n\t\t\t\t\t\t\t\t\t<div class=\"col-12 col-md-6\"><div class=\"card team\"><div class=\"card-body\"><div class=\"card-text\"><div class=\"col-12 col-md-6\"><div class=\"card team\"><div class=\"card-body\"><div class=\"card-text\">Zoe ist Meeresbiologin mit einem Abschluss der Flinders University in S\u00fcdaustralien und verf\u00fcgt \u00fcber weltweit umfassende Erfahrung im Meeresschutz, einschlie\u00dflich der Rehabilitation von Meerestieren, Aquarienbiologie und Korallenrestaurierung. Seit ihrem Einstieg bei Coralive im Jahr 2018 hat Zoe eine Schl\u00fcsselrolle bei der Koordination, Durchf\u00fchrung und Verwaltung von Projekten zur Riffrestaurierung gespielt. Sie konzentriert sich auf die Umsetzung ortsspezifischer Restaurierungsans\u00e4tze f\u00fcr die zuk\u00fcnftige Widerstandsf\u00e4higkeit der Riffe, die Aufkl\u00e4rung lokaler Interessengruppen und die Bereitstellung von Schulungsm\u00f6glichkeiten f\u00fcr Meeresbiologen am Anfang ihrer Karriere.<\/div><\/div><\/div><\/div><\/div><\/div><\/div><\/div><div class=\"col-12 col-md-6\"><div class=\"card team\">\u00a0<\/div><\/div>\t\t\t\t\t\t\t\t<\/div>\n\t\t\t\t<\/div>\n\t\t\t\t<\/div>\n\t\t<div class=\"elementor-element elementor-element-75e30a0 e-con-full e-flex jltma-glass-effect-no e-con e-child\" data-id=\"75e30a0\" data-element_type=\"container\" data-e-type=\"container\">\n\t\t\t\t<div class=\"elementor-element elementor-element-c4e479f elementor-position-top jltma-glass-effect-no elementor-widget elementor-widget-image-box\" data-id=\"c4e479f\" data-element_type=\"widget\" data-e-type=\"widget\" data-widget_type=\"image-box.default\">\n\t\t\t\t<div class=\"elementor-widget-container\">\n\t\t\t\t\t<div class=\"elementor-image-box-wrapper\"><figure class=\"elementor-image-box-img\"><img decoding=\"async\" width=\"150\" height=\"150\" src=\"https:\/\/www.coralive.org\/wp-content\/uploads\/2025\/10\/123-2503-ADB-Palau_125-150x150.jpg\" class=\"attachment-thumbnail size-thumbnail wp-image-2882\" alt=\"\" \/><\/figure><div class=\"elementor-image-box-content\"><h3 class=\"elementor-image-box-title\">Matthew Walker <\/h3><p class=\"elementor-image-box-description\">Co-Direktor<\/p><\/div><\/div>\t\t\t\t<\/div>\n\t\t\t\t<\/div>\n\t\t\t\t<div class=\"elementor-element elementor-element-1ad7bf5 jltma-glass-effect-no elementor-widget elementor-widget-text-editor\" data-id=\"1ad7bf5\" data-element_type=\"widget\" data-e-type=\"widget\" data-widget_type=\"text-editor.default\">\n\t\t\t\t<div class=\"elementor-widget-container\">\n\t\t\t\t\t\t\t\t\t<p class=\"MsoNormal\">Matt ist Meeresbiologe mit Spezialisierung auf Korallen\nKorallenwiederherstellung spezialisiert ist, und verf\u00fcgt \u00fcber umfassende praktische Erfahrung\nProjekten auf der ganzen Welt. Er hat Initiativen entworfen und geleitet, die von\nBasisprojekten in West Papua bis hin zu gro\u00df angelegten kommerziellen Wiederherstellungs\nWiederherstellungsprojekten auf den Malediven und in Saudi-Arabien. Angetrieben von einer Leidenschaft f\u00fcr Wissens\nWissensaustausch und praktischen Probleml\u00f6sungen, konzentriert sich Matt bei Coralive auf den Wiederaufbau\nWiederaufbau von Meeres\u00f6kosystemen von unten nach oben, um gesunde Riffumgebungen zu unterst\u00fctzen, die\ndie von den Gemeinschaften verwaltet werden, die am meisten auf sie angewiesen sind.&nbsp;<o:p><\/o:p><\/p>\t\t\t\t\t\t\t\t<\/div>\n\t\t\t\t<\/div>\n\t\t\t\t<\/div>\n\t\t\t\t\t<\/div>\n\t\t\t\t<\/div>\n\t\t<div class=\"elementor-element elementor-element-b4eb087 e-flex e-con-boxed jltma-glass-effect-no e-con e-parent\" data-id=\"b4eb087\" data-element_type=\"container\" data-e-type=\"container\">\n\t\t\t\t\t<div class=\"e-con-inner\">\n\t\t<div class=\"elementor-element elementor-element-1b131c2 e-con-full e-flex jltma-glass-effect-no e-con e-child\" data-id=\"1b131c2\" data-element_type=\"container\" data-e-type=\"container\">\n\t\t\t\t<div class=\"elementor-element elementor-element-13ca33c elementor-position-top jltma-glass-effect-no elementor-widget elementor-widget-image-box\" data-id=\"13ca33c\" data-element_type=\"widget\" data-e-type=\"widget\" data-widget_type=\"image-box.default\">\n\t\t\t\t<div class=\"elementor-widget-container\">\n\t\t\t\t\t<div class=\"elementor-image-box-wrapper\"><figure class=\"elementor-image-box-img\"><img decoding=\"async\" width=\"150\" height=\"150\" src=\"https:\/\/www.coralive.org\/wp-content\/uploads\/2024\/05\/Aki.jpg\" class=\"attachment-thumbnail size-thumbnail wp-image-168\" alt=\"\" \/><\/figure><div class=\"elementor-image-box-content\"><h3 class=\"elementor-image-box-title\">Ahmad Allahgholi (Aki)<\/h3><p class=\"elementor-image-box-description\">Gr\u00fcnder<\/p><\/div><\/div>\t\t\t\t<\/div>\n\t\t\t\t<\/div>\n\t\t\t\t<div class=\"elementor-element elementor-element-e022432 jltma-glass-effect-no elementor-widget elementor-widget-text-editor\" data-id=\"e022432\" data-element_type=\"widget\" data-e-type=\"widget\" data-widget_type=\"text-editor.default\">\n\t\t\t\t<div class=\"elementor-widget-container\">\n\t\t\t\t\t\t\t\t\t<div class=\"col-12 col-md-6\"><div class=\"card team\"><div class=\"card-body\"><div class=\"card-text\">Aki widmet seine Energie und sein Talent seit 2011 Meeresschutzinitiativen auf der ganzen Welt, von der T\u00e4tigkeit als Programmmanager f\u00fcr die Meeresschutz-NGO Reefdoctor in Madagaskar bis zum Projektmanager f\u00fcr eine auf den Philippinen ans\u00e4ssige NGO, die sich mit der Wiederherstellung von Korallenriffen, dem MPA-Management und alternativen L\u00f6sungen f\u00fcr den Lebensunterhalt befasst. Ausgestattet mit einem Master-Abschluss in \u201eSustainable Natural Resource Management\u201c und einer Dissertation in \u201eCoral Reef Restoration\u201c von der von den Vereinten Nationen beauftragten University for Peace in Costa Rica, ist er immer auf der Suche nach neuem Wissen und lernt Best Practices, die er weitergeben kann.<\/div><\/div><\/div><\/div><div class=\"col-12 col-md-6\"><div class=\"card team\">\u00a0<\/div><\/div>\t\t\t\t\t\t\t\t<\/div>\n\t\t\t\t<\/div>\n\t\t\t\t<\/div>\n\t\t<div class=\"elementor-element elementor-element-e45eaf7 e-con-full e-flex jltma-glass-effect-no e-con e-child\" data-id=\"e45eaf7\" data-element_type=\"container\" data-e-type=\"container\">\n\t\t\t\t<div class=\"elementor-element elementor-element-cbaf7d9 elementor-position-top jltma-glass-effect-no elementor-widget elementor-widget-image-box\" data-id=\"cbaf7d9\" data-element_type=\"widget\" data-e-type=\"widget\" data-widget_type=\"image-box.default\">\n\t\t\t\t<div class=\"elementor-widget-container\">\n\t\t\t\t\t<div class=\"elementor-image-box-wrapper\"><figure class=\"elementor-image-box-img\"><img loading=\"lazy\" decoding=\"async\" width=\"150\" height=\"150\" src=\"https:\/\/www.coralive.org\/wp-content\/uploads\/2024\/05\/joannewong.jpg\" class=\"attachment-thumbnail size-thumbnail wp-image-160\" alt=\"\" \/><\/figure><div class=\"elementor-image-box-content\"><h3 class=\"elementor-image-box-title\">Joanne Wong<\/h3><p class=\"elementor-image-box-description\">Wissenschaftlicher Beraterin<\/p><\/div><\/div>\t\t\t\t<\/div>\n\t\t\t\t<\/div>\n\t\t\t\t<div class=\"elementor-element elementor-element-7367a4b jltma-glass-effect-no elementor-widget elementor-widget-text-editor\" data-id=\"7367a4b\" data-element_type=\"widget\" data-e-type=\"widget\" data-widget_type=\"text-editor.default\">\n\t\t\t\t<div class=\"elementor-widget-container\">\n\t\t\t\t\t\t\t\t\t<div class=\"col-12 col-md-6\"><div class=\"card team\"><div class=\"card-body\"><div class=\"card-text\"><div class=\"col-12 col-md-6\"><div class=\"card team\"><div class=\"card-body\"><div class=\"card-text\">Joanne ist \u00d6kologin mit einem starken Hintergrund in K\u00fcstenmanagement und Umweltvertr\u00e4glichkeitspr\u00fcfung. Sie arbeitete als Umweltberaterin und -forscherin an Themen, die von K\u00fcstenplanung und Green Engineering f\u00fcr H\u00e4fen bis hin zu Mangrovenaufforstung, Verschmutzung durch Mikroplastik und Salzwiesen\u00f6kologie reichten. Joannes schnelles Denken, ihr analytischer und r\u00e4umlich orientierter Verstand dient dem Coralive-Team als unsch\u00e4tzbare Ressource f\u00fcr die Bewertung, Gestaltung und Durchf\u00fchrung von Projekten.<\/div><\/div><\/div><\/div><\/div><\/div><\/div><\/div><div class=\"col-12 col-md-6\"><div class=\"card team\">\u00a0<\/div><\/div>\t\t\t\t\t\t\t\t<\/div>\n\t\t\t\t<\/div>\n\t\t\t\t<\/div>\n\t\t\t\t\t<\/div>\n\t\t\t\t<\/div>\n\t\t<div class=\"elementor-element elementor-element-f5e2417 e-flex e-con-boxed jltma-glass-effect-no e-con e-parent\" data-id=\"f5e2417\" data-element_type=\"container\" data-e-type=\"container\">\n\t\t\t\t\t<div class=\"e-con-inner\">\n\t\t<div class=\"elementor-element elementor-element-99a7649 e-con-full e-flex jltma-glass-effect-no e-con e-child\" data-id=\"99a7649\" data-element_type=\"container\" data-e-type=\"container\">\n\t\t\t\t<div class=\"elementor-element elementor-element-f2fdb06 elementor-position-top jltma-glass-effect-no elementor-widget elementor-widget-image-box\" data-id=\"f2fdb06\" data-element_type=\"widget\" data-e-type=\"widget\" data-widget_type=\"image-box.default\">\n\t\t\t\t<div class=\"elementor-widget-container\">\n\t\t\t\t\t<div class=\"elementor-image-box-wrapper\"><figure class=\"elementor-image-box-img\"><img loading=\"lazy\" decoding=\"async\" width=\"150\" height=\"150\" src=\"https:\/\/www.coralive.org\/wp-content\/uploads\/2024\/05\/rich-150x150.jpg\" class=\"attachment-thumbnail size-thumbnail wp-image-165\" alt=\"\" \/><\/figure><div class=\"elementor-image-box-content\"><h3 class=\"elementor-image-box-title\">Richard Baxter<\/h3><p class=\"elementor-image-box-description\">Projektberater<\/p><\/div><\/div>\t\t\t\t<\/div>\n\t\t\t\t<\/div>\n\t\t\t\t<div class=\"elementor-element elementor-element-64177c3 jltma-glass-effect-no elementor-widget elementor-widget-text-editor\" data-id=\"64177c3\" data-element_type=\"widget\" data-e-type=\"widget\" data-widget_type=\"text-editor.default\">\n\t\t\t\t<div class=\"elementor-widget-container\">\n\t\t\t\t\t\t\t\t\t<div class=\"col-12 col-md-6\"><div class=\"card team\"><div class=\"card-body\"><div class=\"card-text\"><div class=\"col-12 col-md-6\"><div class=\"card team\"><div class=\"card-body\"><div class=\"card-text\"><div class=\"col-12 col-md-6\"><div class=\"card team\"><div class=\"card-body\"><div class=\"card-text\"><div class=\"col-12 col-md-6\"><div class=\"card team\"><div class=\"card-body\"><div class=\"card-text\">Rich ist ein erfahrener Insel\u00f6kologe, der sich auf die Wiederherstellung von Lebensr\u00e4umen an Land und im Meer spezialisiert hat. Das letzte Jahrzehnt hat er der Erforschung und dem Verst\u00e4ndnis der Artenvielfalt der Region des westlichen Indischen Ozeans und ihrer miteinander verbundenen Land- und Meeres\u00f6kosysteme gewidmet. Zu seinen Erfolgen z\u00e4hlen der erfolgreiche Einsatz von Korallenschulen mit Mineralakkretionstechnologie auf Fr\u00e9gate Island und die Leitung gro\u00df angelegter Korallenrestaurierungsprojekte auf den Malediven. Rich ist au\u00dferdem Mitglied der IUCN SSC Tortoise and Freshwater Turtle Specialist Group (TFTSG), wo er regelm\u00e4\u00dfig Feldforschung betreibt, taucht, wandert und die Bedeutung des Schutzes zahlreicher Arten durch Erhaltungsbem\u00fchungen vermittelt.<\/div><\/div><\/div><\/div><\/div><\/div><\/div><\/div><\/div><\/div><\/div><\/div><\/div><\/div><\/div><\/div><div class=\"col-12 col-md-6\"><div class=\"card team\">\u00a0<\/div><\/div>\t\t\t\t\t\t\t\t<\/div>\n\t\t\t\t<\/div>\n\t\t\t\t<\/div>\n\t\t<div class=\"elementor-element elementor-element-e9d1b75 e-con-full e-flex jltma-glass-effect-no e-con e-child\" data-id=\"e9d1b75\" data-element_type=\"container\" data-e-type=\"container\">\n\t\t\t\t<div class=\"elementor-element elementor-element-6e72828 elementor-position-top jltma-glass-effect-no elementor-widget elementor-widget-image-box\" data-id=\"6e72828\" data-element_type=\"widget\" data-e-type=\"widget\" data-widget_type=\"image-box.default\">\n\t\t\t\t<div class=\"elementor-widget-container\">\n\t\t\t\t\t<div class=\"elementor-image-box-wrapper\"><figure class=\"elementor-image-box-img\"><img loading=\"lazy\" decoding=\"async\" width=\"150\" height=\"150\" src=\"https:\/\/www.coralive.org\/wp-content\/uploads\/2024\/12\/Screenshot-2024-12-19-123524-676405069fb4e-e1741194410669-150x150.png\" class=\"attachment-thumbnail size-thumbnail wp-image-1947\" alt=\"\" \/><\/figure><div class=\"elementor-image-box-content\"><h3 class=\"elementor-image-box-title\">Mai-Linh Murger<\/h3><p class=\"elementor-image-box-description\">Manager f\u00fcr Meereserfahrung<\/p><\/div><\/div>\t\t\t\t<\/div>\n\t\t\t\t<\/div>\n\t\t\t\t<div class=\"elementor-element elementor-element-6316dbc jltma-glass-effect-no elementor-widget elementor-widget-text-editor\" data-id=\"6316dbc\" data-element_type=\"widget\" data-e-type=\"widget\" data-widget_type=\"text-editor.default\">\n\t\t\t\t<div class=\"elementor-widget-container\">\n\t\t\t\t\t\t\t\t\t<p class=\"translation-block\">Mai ist eine Umweltexpertin mit einem Bachelor of Science in Umweltmanagement mit Spezialisierung auf Meereszoologie und Botanik sowie einem Master in Eventmanagement, Tourismus und Sport. Sie wuchs in Franz\u00f6sisch-Polynesien auf und entwickelte eine tiefe Verbindung zum Meer, wo sie die Auswirkungen des Klimawandels auf die Korallenriffe aus erster Hand miterlebte. Ihre Leidenschaft f\u00fcr den Naturschutz hat sie von terrestrischen \u00d6kosystemen in die Meeresumwelt gef\u00fchrt, was ihr ein umfassendes Verst\u00e4ndnis f\u00fcr den Schutz der Artenvielfalt vermittelt hat.<br>Ihr Weg f\u00fchrte sie von der Wildbeobachtung und dem Tierschutz im L\u00f6wenschutzgebiet Simbonga in S\u00fcdafrika an die Front des Meeresschutzes. Sie spielt eine Schl\u00fcsselrolle bei der Betreuung von Praktikanten und Freiwilligen, sorgt f\u00fcr wertvolle Erfahrungen und tr\u00e4gt gleichzeitig aktiv zu sinnvollen Restaurierungsprojekten bei. Mai-Linh setzt sich f\u00fcr ethischen und wissenschaftlich fundierten Naturschutz ein und glaubt an die Macht des gesellschaftlichen Engagements, um dauerhafte Umweltver\u00e4nderungen herbeizuf\u00fchren.<\/p>\t\t\t\t\t\t\t\t<\/div>\n\t\t\t\t<\/div>\n\t\t\t\t<\/div>\n\t\t\t\t\t<\/div>\n\t\t\t\t<\/div>\n\t\t<div class=\"elementor-element elementor-element-e083ec8 e-flex e-con-boxed jltma-glass-effect-no e-con e-parent\" data-id=\"e083ec8\" data-element_type=\"container\" data-e-type=\"container\">\n\t\t\t\t\t<div class=\"e-con-inner\">\n\t\t<div class=\"elementor-element elementor-element-8ee1113 e-con-full e-flex jltma-glass-effect-no e-con e-child\" data-id=\"8ee1113\" data-element_type=\"container\" data-e-type=\"container\">\n\t\t\t\t<div class=\"elementor-element elementor-element-f306a68 elementor-position-top jltma-glass-effect-no elementor-widget elementor-widget-image-box\" data-id=\"f306a68\" data-element_type=\"widget\" data-e-type=\"widget\" data-widget_type=\"image-box.default\">\n\t\t\t\t<div class=\"elementor-widget-container\">\n\t\t\t\t\t<div class=\"elementor-image-box-wrapper\"><figure class=\"elementor-image-box-img\"><img loading=\"lazy\" decoding=\"async\" width=\"150\" height=\"150\" src=\"https:\/\/www.coralive.org\/wp-content\/uploads\/2025\/02\/Selma-150x150.jpg\" class=\"attachment-thumbnail size-thumbnail wp-image-2034\" alt=\"\" \/><\/figure><div class=\"elementor-image-box-content\"><h3 class=\"elementor-image-box-title\">Selma Mezger<\/h3><p class=\"elementor-image-box-description\">Projekt- und Kommunikationsmanager<\/p><\/div><\/div>\t\t\t\t<\/div>\n\t\t\t\t<\/div>\n\t\t\t\t<div class=\"elementor-element elementor-element-e97fac1 jltma-glass-effect-no elementor-widget elementor-widget-text-editor\" data-id=\"e97fac1\" data-element_type=\"widget\" data-e-type=\"widget\" data-widget_type=\"text-editor.default\">\n\t\t\t\t<div class=\"elementor-widget-container\">\n\t\t\t\t\t\t\t\t\t<div class=\"col-12 col-md-6\"><div class=\"card team\"><div class=\"card-body\"><div class=\"card-text\"><div class=\"col-12 col-md-6\"><div class=\"card team\"><div class=\"card-body\"><div class=\"card-text\"><div class=\"col-12 col-md-6\"><div class=\"card team\"><div class=\"card-body\"><div class=\"card-text\"><div class=\"col-12 col-md-6\"><div class=\"card team\"><div class=\"card-body\"><div class=\"card-text\"><div class=\"outer-wrapper\"><section id=\"section4\"><div class=\"container\"><div class=\"row\"><div class=\"col-12 col-md-6\"><div class=\"card team\"><div class=\"card-body\"><div class=\"card-text\">Selma ist Meeresbiologin und promoviert an der Universit\u00e4t Bremen. Dabei untersucht sie die Auswirkungen globaler und lokaler Faktoren auf benthische Rifforganismen. Durch ihre Feldarbeit im Roten Meer, auf den Malediven und im Mittelmeerraum hat sie umfangreiche Erfahrungen in der \u00d6kologie von Korallenriffen gesammelt, wobei sie sich auf die Physiologie der Korallen, Wiederherstellungstechniken und potenzielle Stressfaktoren konzentriert hat. Selma hat an verschiedenen Forschungsinitiativen mitgewirkt und nutzt ihre Kommunikationsf\u00e4higkeiten, um in \u00f6ffentlichen Vortr\u00e4gen und Pr\u00e4sentationen ein breiteres Publikum f\u00fcr den Meeresschutz zu gewinnen. Als erfahrene wissenschaftliche Taucherin und Freitaucherin kombiniert sie praktische Restaurierungsarbeit mit wissenschaftlichen Erkenntnissen, um gesunde Riff-\u00d6kosysteme zu unterst\u00fctzen.<\/div><\/div><\/div><\/div><\/div><\/div><\/section><\/div><\/div><\/div><\/div><\/div><\/div><\/div><\/div><\/div><\/div><\/div><\/div><\/div><\/div><\/div><\/div><\/div>\t\t\t\t\t\t\t\t<\/div>\n\t\t\t\t<\/div>\n\t\t\t\t<\/div>\n\t\t\t\t\t<\/div>\n\t\t\t\t<\/div>\n\t\t\t\t<\/div>","protected":false},"excerpt":{"rendered":"<p>The Story of Coralive Coralive is a environmental organization (CHE-311.736.420 Swiss Association Registration Number and CR\/99\/2021 Maldivian NGO Registry), passionate for the ocean, operating worldwide to help protect, manage and restore coastal ecosystems. As in nature, diversity and synergies are key in creating a healthy environment, hence our team represents diverse backgrounds of experience and [&hellip;]<\/p>\n","protected":false},"author":1,"featured_media":0,"parent":141,"menu_order":0,"comment_status":"closed","ping_status":"closed","template":"","meta":{"_monsterinsights_skip_tracking":false,"_monsterinsights_sitenote_active":false,"_monsterinsights_sitenote_note":"","_monsterinsights_sitenote_category":0,"footnotes":""},"class_list":["post-157","page","type-page","status-publish","hentry"],"acf":[],"aioseo_notices":[],"_links":{"self":[{"href":"https:\/\/www.coralive.org\/de\/wp-json\/wp\/v2\/pages\/157","targetHints":{"allow":["GET"]}}],"collection":[{"href":"https:\/\/www.coralive.org\/de\/wp-json\/wp\/v2\/pages"}],"about":[{"href":"https:\/\/www.coralive.org\/de\/wp-json\/wp\/v2\/types\/page"}],"author":[{"embeddable":true,"href":"https:\/\/www.coralive.org\/de\/wp-json\/wp\/v2\/users\/1"}],"replies":[{"embeddable":true,"href":"https:\/\/www.coralive.org\/de\/wp-json\/wp\/v2\/comments?post=157"}],"version-history":[{"count":72,"href":"https:\/\/www.coralive.org\/de\/wp-json\/wp\/v2\/pages\/157\/revisions"}],"predecessor-version":[{"id":3059,"href":"https:\/\/www.coralive.org\/de\/wp-json\/wp\/v2\/pages\/157\/revisions\/3059"}],"up":[{"embeddable":true,"href":"https:\/\/www.coralive.org\/de\/wp-json\/wp\/v2\/pages\/141"}],"wp:attachment":[{"href":"https:\/\/www.coralive.org\/de\/wp-json\/wp\/v2\/media?parent=157"}],"curies":[{"name":"wp","href":"https:\/\/api.w.org\/{rel}","templated":true}]}}