{"id":2068,"date":"2025-03-27T11:38:22","date_gmt":"2025-03-27T10:38:22","guid":{"rendered":"https:\/\/www.coralive.org\/?page_id=2068"},"modified":"2025-11-13T11:30:19","modified_gmt":"2025-11-13T10:30:19","slug":"support","status":"publish","type":"page","link":"https:\/\/www.coralive.org\/de\/support\/","title":{"rendered":"Unterst\u00fctzen Sie uns"},"content":{"rendered":"<div data-elementor-type=\"wp-page\" data-elementor-id=\"2068\" class=\"elementor elementor-2068\" data-elementor-post-type=\"page\">\n\t\t\t\t<div class=\"elementor-element elementor-element-0df2c8d e-flex e-con-boxed jltma-glass-effect-no e-con e-parent\" data-id=\"0df2c8d\" data-element_type=\"container\" data-e-type=\"container\" data-settings=\"{&quot;background_background&quot;:&quot;classic&quot;}\">\n\t\t\t\t\t<div class=\"e-con-inner\">\n\t\t\t\t<div class=\"elementor-element elementor-element-198eb74 jltma-glass-effect-no elementor-widget elementor-widget-heading\" data-id=\"198eb74\" data-element_type=\"widget\" data-e-type=\"widget\" data-widget_type=\"heading.default\">\n\t\t\t\t<div class=\"elementor-widget-container\">\n\t\t\t\t\t<h2 class=\"elementor-heading-title elementor-size-default\">Unterst\u00fctzen Sie unsere Arbeit<\/h2>\t\t\t\t<\/div>\n\t\t\t\t<\/div>\n\t\t\t\t\t<\/div>\n\t\t\t\t<\/div>\n\t\t<div class=\"elementor-element elementor-element-e94aea8 e-flex e-con-boxed jltma-glass-effect-no e-con e-parent\" data-id=\"e94aea8\" data-element_type=\"container\" data-e-type=\"container\">\n\t\t\t\t\t<div class=\"e-con-inner\">\n\t\t<div class=\"elementor-element elementor-element-7abcb85 e-con-full e-flex jltma-glass-effect-no e-con e-child\" data-id=\"7abcb85\" data-element_type=\"container\" data-e-type=\"container\">\n\t\t\t\t<div class=\"elementor-element elementor-element-8dd0523 jltma-glass-effect-no elementor-widget elementor-widget-heading\" data-id=\"8dd0523\" data-element_type=\"widget\" data-e-type=\"widget\" data-widget_type=\"heading.default\">\n\t\t\t\t<div class=\"elementor-widget-container\">\n\t\t\t\t\t<h2 class=\"elementor-heading-title elementor-size-default\">Danke, dass Sie uns und den Korallen helfen!\n<\/h2>\t\t\t\t<\/div>\n\t\t\t\t<\/div>\n\t\t\t\t<div class=\"elementor-element elementor-element-64b5c92 jltma-glass-effect-no elementor-widget elementor-widget-text-editor\" data-id=\"64b5c92\" data-element_type=\"widget\" data-e-type=\"widget\" data-widget_type=\"text-editor.default\">\n\t\t\t\t<div class=\"elementor-widget-container\">\n\t\t\t\t\t\t\t\t\t<section id=\"section2\"><div class=\"container\"><div class=\"row mtop-space\"><p>Jede Spende flie\u00dft zu 100 % in die Anpflanzung von Korallen und die Wiederherstellung von Riffen.<br data-start=\"252\" data-end=\"255\" \/>W\u00e4hlen Sie zwischen einem <strong data-start=\"272\" data-end=\"283\">monatlichen<\/strong> oder <strong data-start=\"287\" data-end=\"299\">einmaligen<\/strong> Beitrag und beteiligen Sie sich an unserer Arbeit zum Schutz der Ozeane.<\/p><\/div><\/div><\/section>\t\t\t\t\t\t\t\t<\/div>\n\t\t\t\t<\/div>\n\t\t\t\t<\/div>\n\t\t\t\t\t<\/div>\n\t\t\t\t<\/div>\n\t\t<div class=\"elementor-element elementor-element-5bc4e542 e-con-full e-flex jltma-glass-effect-no e-con e-parent\" data-id=\"5bc4e542\" data-element_type=\"container\" data-e-type=\"container\">\n\t\t<div class=\"elementor-element elementor-element-2b30bbaf e-con-full e-flex jltma-glass-effect-no e-con e-child\" data-id=\"2b30bbaf\" data-element_type=\"container\" data-e-type=\"container\">\n\t\t<div class=\"elementor-element elementor-element-737d6608 e-con-full e-flex jltma-glass-effect-no e-con e-child\" data-id=\"737d6608\" data-element_type=\"container\" data-e-type=\"container\">\n\t\t<div class=\"elementor-element elementor-element-7926179 e-con-full e-flex jltma-glass-effect-no e-con e-child\" data-id=\"7926179\" data-element_type=\"container\" data-e-type=\"container\">\n\t\t\t\t<div class=\"elementor-element elementor-element-addde62 jltma-glass-effect-no elementor-widget elementor-widget-image\" data-id=\"addde62\" data-element_type=\"widget\" data-e-type=\"widget\" data-widget_type=\"image.default\">\n\t\t\t\t<div class=\"elementor-widget-container\">\n\t\t\t\t\t\t\t\t\t\t\t\t\t\t\t<img fetchpriority=\"high\" decoding=\"async\" width=\"400\" height=\"241\" src=\"https:\/\/www.coralive.org\/wp-content\/uploads\/2024\/06\/coralife-15.jpg\" class=\"attachment-large size-large wp-image-280\" alt=\"\" srcset=\"https:\/\/www.coralive.org\/wp-content\/uploads\/2024\/06\/coralife-15.jpg 400w, https:\/\/www.coralive.org\/wp-content\/uploads\/2024\/06\/coralife-15-300x181.jpg 300w\" sizes=\"(max-width: 400px) 100vw, 400px\" \/>\t\t\t\t\t\t\t\t\t\t\t\t\t\t\t<\/div>\n\t\t\t\t<\/div>\n\t\t\t\t<div class=\"elementor-element elementor-element-3c690af jltma-glass-effect-no elementor-widget elementor-widget-icon-box\" data-id=\"3c690af\" data-element_type=\"widget\" data-e-type=\"widget\" data-widget_type=\"icon-box.default\">\n\t\t\t\t<div class=\"elementor-widget-container\">\n\t\t\t\t\t\t\t<div class=\"elementor-icon-box-wrapper\">\n\n\t\t\t\n\t\t\t\t\t\t<div class=\"elementor-icon-box-content\">\n\n\t\t\t\t\t\t\t\t\t<h1 class=\"elementor-icon-box-title\">\n\t\t\t\t\t\t<span  >\n\t\t\t\t\t\t\tMonatliche Spende ab\t\t\t\t\t\t<\/span>\n\t\t\t\t\t<\/h1>\n\t\t\t\t\n\t\t\t\t\t\t\t\t\t<p class=\"elementor-icon-box-description\">\n\t\t\t\t\t\tCHF 15\t\t\t\t\t<\/p>\n\t\t\t\t\n\t\t\t<\/div>\n\t\t\t\n\t\t<\/div>\n\t\t\t\t\t\t<\/div>\n\t\t\t\t<\/div>\n\t\t\t\t<div class=\"elementor-element elementor-element-368eb1c jltma-glass-effect-no elementor-widget elementor-widget-text-editor\" data-id=\"368eb1c\" data-element_type=\"widget\" data-e-type=\"widget\" data-widget_type=\"text-editor.default\">\n\t\t\t\t<div class=\"elementor-widget-container\">\n\t\t\t\t\t\t\t\t\t<section id=\"section2\"><div class=\"col-12 col-md-4\"><div class=\"card simple-card\"><div class=\"card-body\"><div class=\"card-text\"><p><span style=\"text-align: var(--text-align);\">Jeden Monat finanzieren Sie mit Ihrer Spende eine oder mehrere Korallen und helfen so, robuste und artenreiche Riff\u00f6kosysteme in einem unserer weltweiten Korallenregenerationsprojekte zu schaffen.<\/span><\/p><\/div><\/div><\/div><\/div><\/section>\t\t\t\t\t\t\t\t<\/div>\n\t\t\t\t<\/div>\n\t\t\t\t<div class=\"elementor-element elementor-element-7a936f9 jltma-glass-effect-no elementor-widget elementor-widget-button\" data-id=\"7a936f9\" data-element_type=\"widget\" data-e-type=\"widget\" data-widget_type=\"button.default\">\n\t\t\t\t<div class=\"elementor-widget-container\">\n\t\t\t\t\t\t\t\t\t<div class=\"elementor-button-wrapper\">\n\t\t\t\t\t<a class=\"elementor-button elementor-button-link elementor-size-sm\" href=\"https:\/\/buy.stripe.com\/28EdR8gxkc0fgDH0tWfQI0e\" target=\"_blank\">\n\t\t\t\t\t\t<span class=\"elementor-button-content-wrapper\">\n\t\t\t\t\t\t<span class=\"elementor-button-icon\">\n\t\t\t\t<svg aria-hidden=\"true\" class=\"e-font-icon-svg e-fas-long-arrow-alt-right\" viewbox=\"0 0 448 512\" xmlns=\"http:\/\/www.w3.org\/2000\/svg\"><path d=\"M313.941 216H12c-6.627 0-12 5.373-12 12v56c0 6.627 5.373 12 12 12h301.941v46.059c0 21.382 25.851 32.09 40.971 16.971l86.059-86.059c9.373-9.373 9.373-24.569 0-33.941l-86.059-86.059c-15.119-15.119-40.971-4.411-40.971 16.971V216z\"><\/path><\/svg>\t\t\t<\/span>\n\t\t\t\t\t\t\t\t\t<span class=\"elementor-button-text\">Spende<\/span>\n\t\t\t\t\t<\/span>\n\t\t\t\t\t<\/a>\n\t\t\t\t<\/div>\n\t\t\t\t\t\t\t\t<\/div>\n\t\t\t\t<\/div>\n\t\t\t\t<\/div>\n\t\t<div class=\"elementor-element elementor-element-819643c e-con-full e-flex jltma-glass-effect-no e-con e-child\" data-id=\"819643c\" data-element_type=\"container\" data-e-type=\"container\">\n\t\t\t\t<div class=\"elementor-element elementor-element-0dc5ab8 jltma-glass-effect-no elementor-widget elementor-widget-image\" data-id=\"0dc5ab8\" data-element_type=\"widget\" data-e-type=\"widget\" data-widget_type=\"image.default\">\n\t\t\t\t<div class=\"elementor-widget-container\">\n\t\t\t\t\t\t\t\t\t\t\t\t\t\t\t<img decoding=\"async\" width=\"400\" height=\"241\" src=\"https:\/\/www.coralive.org\/wp-content\/uploads\/2024\/06\/coral-advocate-cropped.jpg\" class=\"attachment-large size-large wp-image-277\" alt=\"\" srcset=\"https:\/\/www.coralive.org\/wp-content\/uploads\/2024\/06\/coral-advocate-cropped.jpg 400w, https:\/\/www.coralive.org\/wp-content\/uploads\/2024\/06\/coral-advocate-cropped-300x181.jpg 300w\" sizes=\"(max-width: 400px) 100vw, 400px\" \/>\t\t\t\t\t\t\t\t\t\t\t\t\t\t\t<\/div>\n\t\t\t\t<\/div>\n\t\t\t\t<div class=\"elementor-element elementor-element-e81d77f jltma-glass-effect-no elementor-widget elementor-widget-icon-box\" data-id=\"e81d77f\" data-element_type=\"widget\" data-e-type=\"widget\" data-widget_type=\"icon-box.default\">\n\t\t\t\t<div class=\"elementor-widget-container\">\n\t\t\t\t\t\t\t<div class=\"elementor-icon-box-wrapper\">\n\n\t\t\t\n\t\t\t\t\t\t<div class=\"elementor-icon-box-content\">\n\n\t\t\t\t\t\t\t\t\t<h1 class=\"elementor-icon-box-title\">\n\t\t\t\t\t\t<span  >\n\t\t\t\t\t\t\tEinmalige Spende ab\t\t\t\t\t\t<\/span>\n\t\t\t\t\t<\/h1>\n\t\t\t\t\n\t\t\t\t\t\t\t\t\t<p class=\"elementor-icon-box-description\">\n\t\t\t\t\t\tCHF 15\t\t\t\t\t<\/p>\n\t\t\t\t\n\t\t\t<\/div>\n\t\t\t\n\t\t<\/div>\n\t\t\t\t\t\t<\/div>\n\t\t\t\t<\/div>\n\t\t\t\t<div class=\"elementor-element elementor-element-cf83836 jltma-glass-effect-no elementor-widget elementor-widget-text-editor\" data-id=\"cf83836\" data-element_type=\"widget\" data-e-type=\"widget\" data-widget_type=\"text-editor.default\">\n\t\t\t\t<div class=\"elementor-widget-container\">\n\t\t\t\t\t\t\t\t\t<section id=\"section2\"><div class=\"col-12 col-md-4\"><div class=\"card simple-card\"><div class=\"card-body\"><div class=\"card-text\"><p>Feiern Sie einen Geburtstag, einen Schulabschluss oder einen besonderen Moment, indem Sie ein Geschenk machen, das immer weiter gedeiht, oder pflanzen Sie einfach eine oder mehrere Korallen in Ihrem Namen.<\/p><\/div><\/div><\/div><\/div><\/section>\t\t\t\t\t\t\t\t<\/div>\n\t\t\t\t<\/div>\n\t\t\t\t<div class=\"elementor-element elementor-element-8f51fb5 jltma-glass-effect-no elementor-widget elementor-widget-button\" data-id=\"8f51fb5\" data-element_type=\"widget\" data-e-type=\"widget\" data-widget_type=\"button.default\">\n\t\t\t\t<div class=\"elementor-widget-container\">\n\t\t\t\t\t\t\t\t\t<div class=\"elementor-button-wrapper\">\n\t\t\t\t\t<a class=\"elementor-button elementor-button-link elementor-size-sm\" href=\"https:\/\/donate.stripe.com\/dR6cQjc9D1cJcGkfZ9\" target=\"_blank\">\n\t\t\t\t\t\t<span class=\"elementor-button-content-wrapper\">\n\t\t\t\t\t\t<span class=\"elementor-button-icon\">\n\t\t\t\t<svg aria-hidden=\"true\" class=\"e-font-icon-svg e-fas-long-arrow-alt-right\" viewbox=\"0 0 448 512\" xmlns=\"http:\/\/www.w3.org\/2000\/svg\"><path d=\"M313.941 216H12c-6.627 0-12 5.373-12 12v56c0 6.627 5.373 12 12 12h301.941v46.059c0 21.382 25.851 32.09 40.971 16.971l86.059-86.059c9.373-9.373 9.373-24.569 0-33.941l-86.059-86.059c-15.119-15.119-40.971-4.411-40.971 16.971V216z\"><\/path><\/svg>\t\t\t<\/span>\n\t\t\t\t\t\t\t\t\t<span class=\"elementor-button-text\">Spende<\/span>\n\t\t\t\t\t<\/span>\n\t\t\t\t\t<\/a>\n\t\t\t\t<\/div>\n\t\t\t\t\t\t\t\t<\/div>\n\t\t\t\t<\/div>\n\t\t\t\t<\/div>\n\t\t\t\t<\/div>\n\t\t\t\t<\/div>\n\t\t\t\t<\/div>\n\t\t<div class=\"elementor-element elementor-element-262c2030 e-con-full e-flex jltma-glass-effect-no e-con e-parent\" data-id=\"262c2030\" data-element_type=\"container\" data-e-type=\"container\">\n\t\t\t\t<div class=\"elementor-element elementor-element-38f8989b jltma-glass-effect-no elementor-widget elementor-widget-html\" data-id=\"38f8989b\" data-element_type=\"widget\" data-e-type=\"widget\" data-widget_type=\"html.default\">\n\t\t\t\t<div class=\"elementor-widget-container\">\n\t\t\t\t\t<script>\r\nif (!(document.querySelector('.elementor-editor-active'))) {\r\n    let toggleSwitches = document.querySelectorAll('.toggle_switch');\r\n    toggleSwitches.forEach((e, i) => {\r\n        let shown = e.closest('.elementor-element').nextElementSibling;\r\n        let toBeShown = shown.nextElementSibling;\r\n        toBeShown.style.display = 'none';\r\n        e.addEventListener('change', function () {\r\n            if (e.checked) {\r\n                shown.style.display = 'none';\r\n                toBeShown.style.removeProperty('display');\r\n            } else {\r\n                shown.style.removeProperty('display');\r\n                toBeShown.style.display = 'none';\r\n            }\r\n        });\r\n    });\r\n}\r\n<\/script>\r\n<style>\r\n\/* Styles for the Content Switcher Toggle without text *\/\r\n\r\n\/* credit to this codepen for the CSS https:\/\/codepen.io\/mallendeo\/pen\/QWKrEL *\/\r\n.toggle_switch {\r\n   opacity: 0;\r\n}\r\n\r\n.toggle_switch+.toggle_switch-button {\r\n   outline: 0;\r\n   display: block;\r\n   width: 4em;\r\n   height: 2em;\r\n   position: relative;\r\n   cursor: pointer;\r\n   left: 50%;\r\n   transform: translateX(-50%);\r\n   -webkit-user-select: none;\r\n   user-select: none;\r\n}\r\n\r\n.toggle_switch+.toggle_switch-button:after,\r\n.toggle_switch+.toggle_switch-button:before {\r\n   position: relative;\r\n   display: block;\r\n   content: \"\";\r\n   width: 50%;\r\n   height: 100%;\r\n}\r\n\r\n.toggle_switch+.toggle_switch-button:after {\r\n   left: 0;\r\n}\r\n\r\n.toggle_switch+.toggle_switch-button:before {\r\n   display: none;\r\n}\r\n\r\n.toggle_switch:checked+.toggle_switch-button:after {\r\n   left: 50%;\r\n}\r\n\r\n.toggle_switch-ios+.toggle_switch-button {\r\n   background: #808285;\r\n   border-radius: 2em;\r\n   padding: 2px;\r\n   transition: all .4s ease;\r\n   border: 1px solid #e8eae9;\r\n}\r\n\r\n.toggle_switch-ios+.toggle_switch-button:after {\r\n   border-radius: 2em;\r\n   background: #fbfbfb;\r\n   transition: left 0.3s cubic-bezier(0.175, 0.885, 0.32, 1.275), padding 0.3s ease, margin 0.3s ease;\r\n   box-shadow: 0 0 0 1px rgba(0, 0, 0, 0.1), 0 4px 0 rgba(0, 0, 0, 0.08);\r\n}\r\n\r\n.toggle_switch-ios+.toggle_switch-button:hover:after {\r\n   will-change: padding;\r\n}\r\n\r\n.toggle_switch-ios+.toggle_switch-button:active {\r\n   box-shadow: inset 0 0 0 2em #e8eae9;\r\n}\r\n\r\n.toggle_switch-ios+.toggle_switch-button:active:after {\r\n   padding-right: .8em;\r\n}\r\n\r\n.toggle_switch-ios:checked+.toggle_switch-button {\r\n   background: #5BCBF5;\r\n}\r\n\r\n.toggle_switch-ios:checked+.toggle_switch-button:active {\r\n   box-shadow: none;\r\n}\r\n\r\n.toggle_switch-ios:checked+.toggle_switch-button:active:after {\r\n   margin-left: -.8em;\r\n}\r\n<\/style>\r\n\r\n\r\n\r\n\r\n<style>\r\n\r\n\/* Styles for the Content Switcher Toggle with Two Texts *\/\r\n\r\n\/* styles of the label *\/\r\n.toggle_with_texts+.toggle_with_texts-button {\r\n   padding: 6px;\r\n   gap: 20px;\r\n   background-color: #f2f2f2;\r\n   border-radius: 99px;\r\n   width: fit-content;\r\n   position: relative;\r\n   cursor: pointer;\r\n   user-select: none;\r\n   display: flex;\r\n   align-items: center;\r\n   justify-content: center;\r\n   outline: 0;\r\n   margin: auto;\r\n}\r\n\r\n\r\n\/* styles of the label span items *\/\r\n.toggle_with_texts+.toggle_with_texts-button span {\r\n    display: inline-block;\r\n    padding: 12px 30px;\r\n    border-radius: 99px;\r\n    background-color: #f2f2f2;\r\n    z-index: 3;\r\n    border: 2px solid transparent;\r\n}\r\n\r\n\r\n\/* styles of the active label span item *\/\r\n.toggle_with_texts:not(:checked)+.toggle_with_texts-button span:first-child,\r\n.toggle_with_texts:checked+.toggle_with_texts-button span:nth-child(2){\r\n    background-origin: border-box;\r\n\tbackground-clip: padding-box, border-box;\r\n\tbackground-size: cover;\r\n\tbackground-image: linear-gradient(#fff, #fff), linear-gradient(to right,  #009CFF, #2E6B8D);\r\n}\r\n\r\n\/* styles for the line in the middle *\/\r\n.toggle_with_texts + .toggle_with_texts-button::after {\r\n    content:'';\r\n    position: absolute;\r\n    width: 70px;\r\n    height: 1px;\r\n    background-color: #999999;\r\n    top:50%;\r\n    left: 50%;\r\n    transform: translateX(-50%);\r\n    z-index: 1;\r\n}\r\n\r\n\/* hide the default checkbox, but keep it A11Y *\/\r\n.toggle_with_texts {\r\n   clip: rect(0 0 0 0);\r\n   clip-path: inset(50%);\r\n   height: 1px;\r\n   overflow: hidden;\r\n   position: absolute;\r\n   white-space: nowrap;\r\n   width: 1px;\r\n}\r\n<\/style>\t\t\t\t<\/div>\n\t\t\t\t<\/div>\n\t\t\t\t<\/div>\n\t\t<div class=\"elementor-element elementor-element-84438a2 e-flex e-con-boxed jltma-glass-effect-no e-con e-parent\" data-id=\"84438a2\" data-element_type=\"container\" data-e-type=\"container\">\n\t\t\t\t\t<div class=\"e-con-inner\">\n\t\t\t\t<div class=\"elementor-element elementor-element-57e3396 jltma-glass-effect-no elementor-widget elementor-widget-heading\" data-id=\"57e3396\" data-element_type=\"widget\" data-e-type=\"widget\" data-widget_type=\"heading.default\">\n\t\t\t\t<div class=\"elementor-widget-container\">\n\t\t\t\t\t<h1 class=\"elementor-heading-title elementor-size-default\">Sind Sie an der Unterst\u00fctzung gr\u00f6\u00dferer Projekte interessiert?<\/h1>\t\t\t\t<\/div>\n\t\t\t\t<\/div>\n\t\t\t\t\t<\/div>\n\t\t\t\t<\/div>\n\t\t<div class=\"elementor-element elementor-element-73252cd e-flex e-con-boxed jltma-glass-effect-no e-con e-parent\" data-id=\"73252cd\" data-element_type=\"container\" data-e-type=\"container\">\n\t\t\t\t\t<div class=\"e-con-inner\">\n\t\t\t\t<div class=\"elementor-element elementor-element-cd988e0 elementor-widget-divider--view-line jltma-glass-effect-no elementor-widget elementor-widget-divider\" data-id=\"cd988e0\" data-element_type=\"widget\" data-e-type=\"widget\" data-widget_type=\"divider.default\">\n\t\t\t\t<div class=\"elementor-widget-container\">\n\t\t\t\t\t\t\t<div class=\"elementor-divider\">\n\t\t\t<span class=\"elementor-divider-separator\">\n\t\t\t\t\t\t<\/span>\n\t\t<\/div>\n\t\t\t\t\t\t<\/div>\n\t\t\t\t<\/div>\n\t\t\t\t\t<\/div>\n\t\t\t\t<\/div>\n\t\t<div class=\"elementor-element elementor-element-6833602 e-flex e-con-boxed jltma-glass-effect-no e-con e-parent\" data-id=\"6833602\" data-element_type=\"container\" data-e-type=\"container\">\n\t\t\t\t\t<div class=\"e-con-inner\">\n\t\t<div class=\"elementor-element elementor-element-bb61696 e-con-full e-flex jltma-glass-effect-no e-con e-child\" data-id=\"bb61696\" data-element_type=\"container\" data-e-type=\"container\">\n\t\t\t\t<div class=\"elementor-element elementor-element-f59a92f jltma-glass-effect-no elementor-widget elementor-widget-text-editor\" data-id=\"f59a92f\" data-element_type=\"widget\" data-e-type=\"widget\" data-widget_type=\"text-editor.default\">\n\t\t\t\t<div class=\"elementor-widget-container\">\n\t\t\t\t\t\t\t\t\t<p>Wir informieren Sie gerne \u00fcber Projektpartnerschaften, \u00dcberweisungsm\u00f6glichkeiten und wie Sie sich beteiligen k\u00f6nnen.<\/p><p><span data-start=\"570\" data-end=\"619\">Wenden Sie sich direkt an<a href=\"mailto: info@coralive.org\"> info@coralive.org<\/a><\/span><\/p>\t\t\t\t\t\t\t\t<\/div>\n\t\t\t\t<\/div>\n\t\t\t\t<\/div>\n\t\t\t\t\t<\/div>\n\t\t\t\t<\/div>\n\t\t\t\t<\/div>","protected":false},"excerpt":{"rendered":"<p>Support Our Work Thank you for helping us and the corals! Every donation goes 100% into planting corals and restoring reefs.Choose between a monthly or one-time contribution and be part of our work to protect the oceans. Monthly donation starting from CHF 15 Every month, your donation will fund one or several corals, helping to [&hellip;]<\/p>\n","protected":false},"author":3370,"featured_media":0,"parent":0,"menu_order":0,"comment_status":"closed","ping_status":"closed","template":"","meta":{"_monsterinsights_skip_tracking":false,"_monsterinsights_sitenote_active":false,"_monsterinsights_sitenote_note":"","_monsterinsights_sitenote_category":0,"footnotes":""},"class_list":["post-2068","page","type-page","status-publish","hentry"],"acf":[],"aioseo_notices":[],"_links":{"self":[{"href":"https:\/\/www.coralive.org\/de\/wp-json\/wp\/v2\/pages\/2068","targetHints":{"allow":["GET"]}}],"collection":[{"href":"https:\/\/www.coralive.org\/de\/wp-json\/wp\/v2\/pages"}],"about":[{"href":"https:\/\/www.coralive.org\/de\/wp-json\/wp\/v2\/types\/page"}],"author":[{"embeddable":true,"href":"https:\/\/www.coralive.org\/de\/wp-json\/wp\/v2\/users\/3370"}],"replies":[{"embeddable":true,"href":"https:\/\/www.coralive.org\/de\/wp-json\/wp\/v2\/comments?post=2068"}],"version-history":[{"count":55,"href":"https:\/\/www.coralive.org\/de\/wp-json\/wp\/v2\/pages\/2068\/revisions"}],"predecessor-version":[{"id":2927,"href":"https:\/\/www.coralive.org\/de\/wp-json\/wp\/v2\/pages\/2068\/revisions\/2927"}],"wp:attachment":[{"href":"https:\/\/www.coralive.org\/de\/wp-json\/wp\/v2\/media?parent=2068"}],"curies":[{"name":"wp","href":"https:\/\/api.w.org\/{rel}","templated":true}]}}