{"id":1162,"date":"2024-07-16T09:40:07","date_gmt":"2024-07-16T09:40:07","guid":{"rendered":"https:\/\/coralive.org\/?page_id=1162"},"modified":"2024-07-16T09:42:33","modified_gmt":"2024-07-16T09:42:33","slug":"legal-notice","status":"publish","type":"page","link":"https:\/\/www.coralive.org\/fr\/legal-notice\/","title":{"rendered":"Mention l\u00e9gale"},"content":{"rendered":"<div data-elementor-type=\"wp-page\" data-elementor-id=\"1162\" class=\"elementor elementor-1162\" data-elementor-post-type=\"page\">\n\t\t\t\t<div class=\"elementor-element elementor-element-59adf185 e-flex e-con-boxed jltma-glass-effect-no e-con e-parent\" data-id=\"59adf185\" data-element_type=\"container\" data-e-type=\"container\">\n\t\t\t\t\t<div class=\"e-con-inner\">\n\t\t\t\t<div class=\"elementor-element elementor-element-5751317 jltma-glass-effect-no elementor-widget elementor-widget-heading\" data-id=\"5751317\" data-element_type=\"widget\" data-e-type=\"widget\" data-widget_type=\"heading.default\">\n\t\t\t\t<div class=\"elementor-widget-container\">\n\t\t\t\t\t<h2 class=\"elementor-heading-title elementor-size-default\">Mention l\u00e9gale<\/h2>\t\t\t\t<\/div>\n\t\t\t\t<\/div>\n\t\t\t\t<div class=\"elementor-element elementor-element-1e901903 jltma-glass-effect-no elementor-widget elementor-widget-text-editor\" data-id=\"1e901903\" data-element_type=\"widget\" data-e-type=\"widget\" data-widget_type=\"text-editor.default\">\n\t\t\t\t<div class=\"elementor-widget-container\">\n\t\t\t\t\t\t\t\t\t\n<p>Pr\u00e9sident:&nbsp;<strong>Ahmad Allahgholi<\/strong><\/p>\n\n\n\n<p><strong>Association Coralive<\/strong><br>c\/o P. Mohler<br>Alban-Anlage 33<br>4052 B\u00e2le<br>Suisse<\/p>\n\n\n\n<p>T\u00e9l : +41 44 586 8663<br>info@coralive.org<br>www.coralive.org<\/p>\n\n\n\n<p><strong>Organisation<\/strong><\/p>\n\n\n\n<p><strong>Statut \u00e0 but non lucratif et transparence<\/strong><\/p>\n\n\n\n<p>Coralive est une organisation non gouvernementale. Coralive op\u00e8re ind\u00e9pendamment de tous les partis politiques et gouvernements ainsi que des groupes d'int\u00e9r\u00eats \u00e9conomiques ou religieux. Le travail de Coralive est financ\u00e9 par des bienfaiteurs, des donateurs, des membres, des fondations caritatives et des legs.<\/p>\n\n\n\n<p>Depuis 2018, Coralive est reconnue comme organisation caritative et particuli\u00e8rement digne de soutien par les Directions financi\u00e8res cantonales et l'Administration f\u00e9d\u00e9rale des contributions. Les dons \u00e0 Coralive sont d\u00e9ductibles des imp\u00f4ts en Suisse. L'organisation d\u00e9livre des re\u00e7us de dons couvrant les contributions nationales ou \u00e9trang\u00e8res.<\/p>\n\n\n\n<p>Coralive accorde une grande priorit\u00e9 au soin, \u00e0 l'efficacit\u00e9 et au respect des normes \u00e9thiques dans l'utilisation des dons confi\u00e9s. Plus de 90 % des fonds que nous recevons sont directement investis dans notre travail au sein de projets de conservation, ainsi que dans des campagnes, des activit\u00e9s de sensibilisation et d'\u00e9ducation.<\/p>\n\n\n\n<p>Coralive rend compte de ses activit\u00e9s via notre rapport annuel, notre site Web et r\u00e9guli\u00e8rement via les m\u00e9dias sociaux ainsi que des rapports fiscaux semestriels au gouvernement.<\/p>\n\n\n\n<p><strong>Alliances<\/strong><\/p>\n\n\n\n<p>Coralive est ind\u00e9pendante et n'est pas li\u00e9e \u00e0 d'autres organisations en vertu du droit des soci\u00e9t\u00e9s. Cependant, Coralive travaille en \u00e9troite collaboration avec d'autres organisations, au niveau national et international, afin de promouvoir efficacement la protection des oc\u00e9ans et de la faune.<\/p>\n\n\n\n<p><strong>Inscription au registre du commerce<\/strong><\/p>\n\n\n\n<p>Coralive est inscrite au registre du commerce suisse sous le num\u00e9ro CH-311.736.420.<\/p>\n\n\n\n<p><strong>Confidentialit\u00e9 des donn\u00e9es<\/strong><\/p>\n\n\n\n<p>Notre&nbsp;<a href=\"https:\/\/www.coralive.org\/fr\/data-privacy\/\"><u>d\u00e9claration de confidentialit\u00e9<\/u><\/a>&nbsp;des donn\u00e9es fournit des informations sur la collecte et l'utilisation des donn\u00e9es personnelles lors de l'utilisation de notre site Web. Nous adh\u00e9rons aux lois suisses sur la protection des donn\u00e9es.<\/p>\n\n\n\n<p><strong>Images prot\u00e9g\u00e9es par le droit d'auteur<\/strong><\/p>\n\n\n\n<p>Les images utilis\u00e9es sur le site Web, dans les rapports et sur les r\u00e9seaux sociaux sont sans droit d'auteur et sont des photographies personnelles cr\u00e9\u00e9es par Daniel Bichsel et Chris Keller.<\/p>\n\t\t\t\t\t\t\t\t<\/div>\n\t\t\t\t<\/div>\n\t\t\t\t\t<\/div>\n\t\t\t\t<\/div>\n\t\t\t\t<\/div>","protected":false},"excerpt":{"rendered":"<p>Legal Notice President:&nbsp;Ahmad Allahgholi Association Coralivec\/o P. MohlerSt.Alban-Anlage 334052 BaselSwitzerland Tel: +41 44&nbsp;586 8663info@coralive.orgwww.coralive.org Organisation Non-Profit Status &amp; Transparency Coralive is a non-governmental organisation. Coralive operates independently of all political parties and governments as well as economic or religious interest groups. Coralive\u2019s work is funded by benefactors, donors, members, charitable foundations and legacies. Since 2018, [&hellip;]<\/p>\n","protected":false},"author":2,"featured_media":0,"parent":0,"menu_order":0,"comment_status":"closed","ping_status":"closed","template":"","meta":{"_monsterinsights_skip_tracking":false,"_monsterinsights_sitenote_active":false,"_monsterinsights_sitenote_note":"","_monsterinsights_sitenote_category":0,"footnotes":""},"class_list":["post-1162","page","type-page","status-publish","hentry"],"acf":[],"aioseo_notices":[],"_links":{"self":[{"href":"https:\/\/www.coralive.org\/fr\/wp-json\/wp\/v2\/pages\/1162","targetHints":{"allow":["GET"]}}],"collection":[{"href":"https:\/\/www.coralive.org\/fr\/wp-json\/wp\/v2\/pages"}],"about":[{"href":"https:\/\/www.coralive.org\/fr\/wp-json\/wp\/v2\/types\/page"}],"author":[{"embeddable":true,"href":"https:\/\/www.coralive.org\/fr\/wp-json\/wp\/v2\/users\/2"}],"replies":[{"embeddable":true,"href":"https:\/\/www.coralive.org\/fr\/wp-json\/wp\/v2\/comments?post=1162"}],"version-history":[{"count":4,"href":"https:\/\/www.coralive.org\/fr\/wp-json\/wp\/v2\/pages\/1162\/revisions"}],"predecessor-version":[{"id":1167,"href":"https:\/\/www.coralive.org\/fr\/wp-json\/wp\/v2\/pages\/1162\/revisions\/1167"}],"wp:attachment":[{"href":"https:\/\/www.coralive.org\/fr\/wp-json\/wp\/v2\/media?parent=1162"}],"curies":[{"name":"wp","href":"https:\/\/api.w.org\/{rel}","templated":true}]}}