{"id":143,"date":"2024-05-28T12:17:32","date_gmt":"2024-05-28T12:17:32","guid":{"rendered":"https:\/\/coralive.org\/?page_id=143"},"modified":"2024-06-19T10:39:19","modified_gmt":"2024-06-19T10:39:19","slug":"our-work","status":"publish","type":"page","link":"https:\/\/www.coralive.org\/fr\/about-us\/our-work\/","title":{"rendered":"Notre Travail"},"content":{"rendered":"<div data-elementor-type=\"wp-page\" data-elementor-id=\"143\" class=\"elementor elementor-143\" data-elementor-post-type=\"page\">\n\t\t\t\t<div class=\"elementor-element elementor-element-2d75f42 e-flex e-con-boxed jltma-glass-effect-no e-con e-parent\" data-id=\"2d75f42\" data-element_type=\"container\" data-e-type=\"container\" data-settings=\"{&quot;background_background&quot;:&quot;classic&quot;}\">\n\t\t\t\t\t<div class=\"e-con-inner\">\n\t\t\t\t<div class=\"elementor-element elementor-element-ae3c422 jltma-glass-effect-no elementor-widget elementor-widget-heading\" data-id=\"ae3c422\" data-element_type=\"widget\" data-e-type=\"widget\" data-widget_type=\"heading.default\">\n\t\t\t\t<div class=\"elementor-widget-container\">\n\t\t\t\t\t<h2 class=\"elementor-heading-title elementor-size-default\">Notre Travail<\/h2>\t\t\t\t<\/div>\n\t\t\t\t<\/div>\n\t\t\t\t\t<\/div>\n\t\t\t\t<\/div>\n\t\t<div class=\"elementor-element elementor-element-1b62fc1 e-flex e-con-boxed jltma-glass-effect-no e-con e-parent\" data-id=\"1b62fc1\" data-element_type=\"container\" data-e-type=\"container\">\n\t\t\t\t\t<div class=\"e-con-inner\">\n\t\t<div class=\"elementor-element elementor-element-c8042fc e-con-full e-flex jltma-glass-effect-no e-con e-child\" data-id=\"c8042fc\" data-element_type=\"container\" data-e-type=\"container\">\n\t\t\t\t<div class=\"elementor-element elementor-element-98ffeeb jltma-glass-effect-no elementor-widget elementor-widget-heading\" data-id=\"98ffeeb\" data-element_type=\"widget\" data-e-type=\"widget\" data-widget_type=\"heading.default\">\n\t\t\t\t<div class=\"elementor-widget-container\">\n\t\t\t\t\t<h2 class=\"elementor-heading-title elementor-size-default\">Restauration c\u00f4ti\u00e8re\n<\/h2>\t\t\t\t<\/div>\n\t\t\t\t<\/div>\n\t\t\t\t<div class=\"elementor-element elementor-element-2373dc7 jltma-glass-effect-no elementor-widget elementor-widget-text-editor\" data-id=\"2373dc7\" data-element_type=\"widget\" data-e-type=\"widget\" data-widget_type=\"text-editor.default\">\n\t\t\t\t<div class=\"elementor-widget-container\">\n\t\t\t\t\t\t\t\t\t<p id=\"shoreline\" class=\"anchor\">Les zones c\u00f4ti\u00e8res et les \u00e9cosyst\u00e8mes marins du monde entier sont confront\u00e9s \u00e0 des menaces importantes et imm\u00e9diates. Fortement stress\u00e9es par la pollution, l'exploitation des ressources naturelles, le changement climatique et la destruction de leurs habitats, de nombreuses r\u00e9gions peinent \u00e0 se r\u00e9tablir. Coralive propose des pratiques reconnues globalement pour red\u00e9marrer le processus de gu\u00e9rison des \u00e9cosyst\u00e8mes marins et d'am\u00e9liorer leur r\u00e9silience afin qu'ils r\u00e9sistent mieux aux perturbations futures.<\/p><ul><li>Restauration des r\u00e9cifs coralliens<\/li><li>Protection des littoraux<\/li><li>Relocalisations de coraux<\/li><li>Reforestation de mangroves<\/li><li>Plantation d'herbes marines<\/li><\/ul>\t\t\t\t\t\t\t\t<\/div>\n\t\t\t\t<\/div>\n\t\t\t\t<\/div>\n\t\t<div class=\"elementor-element elementor-element-29243bf e-con-full e-flex jltma-glass-effect-no e-con e-child\" data-id=\"29243bf\" data-element_type=\"container\" data-e-type=\"container\">\n\t\t\t\t<div class=\"elementor-element elementor-element-1febc66 jltma-glass-effect-no elementor-widget elementor-widget-image\" data-id=\"1febc66\" data-element_type=\"widget\" data-e-type=\"widget\" data-widget_type=\"image.default\">\n\t\t\t\t<div class=\"elementor-widget-container\">\n\t\t\t\t\t\t\t\t\t\t\t\t\t\t\t<img decoding=\"async\" src=\"https:\/\/www.coralive.org\/wp-content\/uploads\/elementor\/thumbs\/coral-restoration-qotqj8m9l5xrc1n39or6o5iygq3xokx1nv79h1tfso.jpg\" title=\"restauration du corail\" alt=\"coral-restoration\" loading=\"lazy\" \/>\t\t\t\t\t\t\t\t\t\t\t\t\t\t\t<\/div>\n\t\t\t\t<\/div>\n\t\t\t\t<\/div>\n\t\t\t\t\t<\/div>\n\t\t\t\t<\/div>\n\t\t<div class=\"elementor-element elementor-element-a628254 e-flex e-con-boxed jltma-glass-effect-no e-con e-parent\" data-id=\"a628254\" data-element_type=\"container\" data-e-type=\"container\">\n\t\t\t\t\t<div class=\"e-con-inner\">\n\t\t<div class=\"elementor-element elementor-element-acebcf5 e-con-full e-flex jltma-glass-effect-no e-con e-child\" data-id=\"acebcf5\" data-element_type=\"container\" data-e-type=\"container\">\n\t\t\t\t<div class=\"elementor-element elementor-element-e8e2710 jltma-glass-effect-no elementor-widget elementor-widget-image\" data-id=\"e8e2710\" data-element_type=\"widget\" data-e-type=\"widget\" data-widget_type=\"image.default\">\n\t\t\t\t<div class=\"elementor-widget-container\">\n\t\t\t\t\t\t\t\t\t\t\t\t\t\t\t<img decoding=\"async\" src=\"https:\/\/www.coralive.org\/wp-content\/uploads\/elementor\/thumbs\/marine-protect-600-qotqy5c47wb6pjdeyk17zrw53u13bhn7cn1ca25oa8.jpg\" title=\"marine-protect-600\" alt=\"marine-protect-600\" loading=\"lazy\" \/>\t\t\t\t\t\t\t\t\t\t\t\t\t\t\t<\/div>\n\t\t\t\t<\/div>\n\t\t\t\t<\/div>\n\t\t<div class=\"elementor-element elementor-element-a14a85b e-con-full e-flex jltma-glass-effect-no e-con e-child\" data-id=\"a14a85b\" data-element_type=\"container\" data-e-type=\"container\">\n\t\t\t\t<div class=\"elementor-element elementor-element-c615478 jltma-glass-effect-no elementor-widget elementor-widget-heading\" data-id=\"c615478\" data-element_type=\"widget\" data-e-type=\"widget\" data-widget_type=\"heading.default\">\n\t\t\t\t<div class=\"elementor-widget-container\">\n\t\t\t\t\t<h2 class=\"elementor-heading-title elementor-size-default\">Aires marines prot\u00e9g\u00e9es\n<\/h2>\t\t\t\t<\/div>\n\t\t\t\t<\/div>\n\t\t\t\t<div class=\"elementor-element elementor-element-c76c774 jltma-glass-effect-no elementor-widget elementor-widget-text-editor\" data-id=\"c76c774\" data-element_type=\"widget\" data-e-type=\"widget\" data-widget_type=\"text-editor.default\">\n\t\t\t\t<div class=\"elementor-widget-container\">\n\t\t\t\t\t\t\t\t\t<p id=\"marine\" class=\"anchor\">Les aires marines prot\u00e9g\u00e9es (AMP) sont des r\u00e9gions qui r\u00e9glementent et restreignent l'activit\u00e9 humaine \u00e0 une \u00e9chelle variable. Une gestion efficace des AMP est n\u00e9cessaire pour r\u00e9tablir la sant\u00e9 des \u00e9cosyst\u00e8mes en prot\u00e9geant les populations d'esp\u00e8ces marines et en soutenant la biodiversit\u00e9, tout en r\u00e9pondant aux besoins des communaut\u00e9s c\u00f4ti\u00e8res qui d\u00e9pendent des ressources marines. Ces efforts sont conformes aux objectifs fix\u00e9s par les Objectifs de D\u00e9veloppement Durable des Nations Unies (ODD de l'ONU). Coralive rassemble toutes les parties prenantes pour concevoir, implanter et g\u00e9rer ces refuges vitaux dans la nature.<\/p><ul><li>Cr\u00e9ation et de mise en \u0153uvre de plans de gestion d'AMP<\/li><li>Installation de syst\u00e8mes d'assistance technique et de surveillance de pointe<\/li><li>Formation \u00e0 la surveillance et \u00e0 l'application de la loi<\/li><\/ul>\t\t\t\t\t\t\t\t<\/div>\n\t\t\t\t<\/div>\n\t\t\t\t<\/div>\n\t\t\t\t\t<\/div>\n\t\t\t\t<\/div>\n\t\t<div class=\"elementor-element elementor-element-71e2d14 e-flex e-con-boxed jltma-glass-effect-no e-con e-parent\" data-id=\"71e2d14\" data-element_type=\"container\" data-e-type=\"container\">\n\t\t\t\t\t<div class=\"e-con-inner\">\n\t\t<div class=\"elementor-element elementor-element-aabb033 e-con-full e-flex jltma-glass-effect-no e-con e-child\" data-id=\"aabb033\" data-element_type=\"container\" data-e-type=\"container\">\n\t\t\t\t<div class=\"elementor-element elementor-element-7889274 jltma-glass-effect-no elementor-widget elementor-widget-heading\" data-id=\"7889274\" data-element_type=\"widget\" data-e-type=\"widget\" data-widget_type=\"heading.default\">\n\t\t\t\t<div class=\"elementor-widget-container\">\n\t\t\t\t\t<h2 class=\"elementor-heading-title elementor-size-default\">Collecte de donn\u00e9es environnementales\n<\/h2>\t\t\t\t<\/div>\n\t\t\t\t<\/div>\n\t\t\t\t<div class=\"elementor-element elementor-element-6d485f7 jltma-glass-effect-no elementor-widget elementor-widget-text-editor\" data-id=\"6d485f7\" data-element_type=\"widget\" data-e-type=\"widget\" data-widget_type=\"text-editor.default\">\n\t\t\t\t<div class=\"elementor-widget-container\">\n\t\t\t\t\t\t\t\t\t<p id=\"data\" class=\"anchor\">Les donn\u00e9es sont un pr\u00e9curseur essentiel de tout effort de protection de l'environnement. Coralive fournit des services d'\u00e9tude et de surveillance \u00e9cologiques pour d\u00e9terminer l'\u00e9tat actuel des zones de projet, ainsi que pour soutenir les acteurs locaux dans le processus de prise de d\u00e9cision. Nous utilisons les derni\u00e8res technologies d\u00e9velopp\u00e9es pour effectuer des cartographies sous-marines, des prises de vues a\u00e9riennes et des analyses en direct des diff\u00e9rents param\u00e8tres de qualit\u00e9 de l'eau.<\/p><ul><li>Analyses bathym\u00e9triques et photogramm\u00e9triques<\/li><li>\u00c9tudes d'impact sur l'environnement (EIE)<\/li><li>Surveillance des composantes \u00e9cologiques cl\u00e9s<\/li><li>Cam\u00e9ras sous-marines en direct avec IA<\/li><\/ul>\t\t\t\t\t\t\t\t<\/div>\n\t\t\t\t<\/div>\n\t\t\t\t<\/div>\n\t\t<div class=\"elementor-element elementor-element-88db033 e-con-full e-flex jltma-glass-effect-no e-con e-child\" data-id=\"88db033\" data-element_type=\"container\" data-e-type=\"container\">\n\t\t\t\t<div class=\"elementor-element elementor-element-975886e jltma-glass-effect-no elementor-widget elementor-widget-image\" data-id=\"975886e\" data-element_type=\"widget\" data-e-type=\"widget\" data-widget_type=\"image.default\">\n\t\t\t\t<div class=\"elementor-widget-container\">\n\t\t\t\t\t\t\t\t\t\t\t\t\t\t\t<img decoding=\"async\" src=\"https:\/\/www.coralive.org\/wp-content\/uploads\/elementor\/thumbs\/coralife-data-collection-600-qotqjahy75z17eyapmui30uv3l98npnxn3u27m6omo.jpg\" title=\"coralife-data-collection-600\" alt=\"coralife-data-collection-600\" loading=\"lazy\" \/>\t\t\t\t\t\t\t\t\t\t\t\t\t\t\t<\/div>\n\t\t\t\t<\/div>\n\t\t\t\t<\/div>\n\t\t\t\t\t<\/div>\n\t\t\t\t<\/div>\n\t\t<div class=\"elementor-element elementor-element-00120bb e-flex e-con-boxed jltma-glass-effect-no e-con e-parent\" data-id=\"00120bb\" data-element_type=\"container\" data-e-type=\"container\">\n\t\t\t\t\t<div class=\"e-con-inner\">\n\t\t<div class=\"elementor-element elementor-element-9df8e90 e-con-full e-flex jltma-glass-effect-no e-con e-child\" data-id=\"9df8e90\" data-element_type=\"container\" data-e-type=\"container\">\n\t\t\t\t<div class=\"elementor-element elementor-element-5ddaef8 jltma-glass-effect-no elementor-widget elementor-widget-image\" data-id=\"5ddaef8\" data-element_type=\"widget\" data-e-type=\"widget\" data-widget_type=\"image.default\">\n\t\t\t\t<div class=\"elementor-widget-container\">\n\t\t\t\t\t\t\t\t\t\t\t\t\t\t\t<img decoding=\"async\" src=\"https:\/\/www.coralive.org\/wp-content\/uploads\/elementor\/thumbs\/coralife-lifehood-qotqjbfs2livqjfm9sjrtd2juhxu3i91sz82m3tb6w.jpg\" title=\"coralife-lifehood\" alt=\"coralife-lifehood\" loading=\"lazy\" \/>\t\t\t\t\t\t\t\t\t\t\t\t\t\t\t<\/div>\n\t\t\t\t<\/div>\n\t\t\t\t<\/div>\n\t\t<div class=\"elementor-element elementor-element-211acfc e-con-full e-flex jltma-glass-effect-no e-con e-child\" data-id=\"211acfc\" data-element_type=\"container\" data-e-type=\"container\">\n\t\t\t\t<div class=\"elementor-element elementor-element-8c47e7e jltma-glass-effect-no elementor-widget elementor-widget-heading\" data-id=\"8c47e7e\" data-element_type=\"widget\" data-e-type=\"widget\" data-widget_type=\"heading.default\">\n\t\t\t\t<div class=\"elementor-widget-container\">\n\t\t\t\t\t<h2 class=\"elementor-heading-title elementor-size-default\">Solutions de subsistance<\/h2>\t\t\t\t<\/div>\n\t\t\t\t<\/div>\n\t\t\t\t<div class=\"elementor-element elementor-element-7e06aea jltma-glass-effect-no elementor-widget elementor-widget-text-editor\" data-id=\"7e06aea\" data-element_type=\"widget\" data-e-type=\"widget\" data-widget_type=\"text-editor.default\">\n\t\t\t\t<div class=\"elementor-widget-container\">\n\t\t\t\t\t\t\t\t\t<div class=\"col-md-8 order-md-2\"><p id=\"livelihood\" class=\"anchor\">L'incroyable importance de la p\u00eache pour les moyens de subsistance des communaut\u00e9s c\u00f4ti\u00e8res est bien document\u00e9e. Par exemple, lors de prises de d\u00e9cision restreignant ou interdisant les activit\u00e9s de p\u00eache, il est crucial d'int\u00e9grer les besoins et les connaissances des communaut\u00e9s c\u00f4ti\u00e8res. Des opportunit\u00e9s alternatives doivent \u00eatre d\u00e9velopp\u00e9es pour garantir les revenus ainsi que la s\u00e9curit\u00e9 alimentaire de ces communaut\u00e9s, afin de d\u00e9tourner la pression de la p\u00eache de l'oc\u00e9an. Coralive poss\u00e8de une expertise dans la planification et la mise en \u0153uvre de tels projets pour s'assurer que toutes les voix sont entendues et que tous les besoins sont satisfaits.<\/p><ul><li>Gestion des d\u00e9chets, y compris les initiatives Waste to Wealth<\/li><li>Culture d'algues et aquaculture \u00e0 faible impact<\/li><\/ul><\/div>\t\t\t\t\t\t\t\t<\/div>\n\t\t\t\t<\/div>\n\t\t\t\t<\/div>\n\t\t\t\t\t<\/div>\n\t\t\t\t<\/div>\n\t\t<div class=\"elementor-element elementor-element-92916c9 e-flex e-con-boxed jltma-glass-effect-no e-con e-parent\" data-id=\"92916c9\" data-element_type=\"container\" data-e-type=\"container\">\n\t\t\t\t\t<div class=\"e-con-inner\">\n\t\t<div class=\"elementor-element elementor-element-0438e14 e-con-full e-flex jltma-glass-effect-no e-con e-child\" data-id=\"0438e14\" data-element_type=\"container\" data-e-type=\"container\">\n\t\t\t\t<div class=\"elementor-element elementor-element-09ac7b3 jltma-glass-effect-no elementor-widget elementor-widget-heading\" data-id=\"09ac7b3\" data-element_type=\"widget\" data-e-type=\"widget\" data-widget_type=\"heading.default\">\n\t\t\t\t<div class=\"elementor-widget-container\">\n\t\t\t\t\t<h2 class=\"elementor-heading-title elementor-size-default\">\n\u00c9ducation environnementale<\/h2>\t\t\t\t<\/div>\n\t\t\t\t<\/div>\n\t\t\t\t<div class=\"elementor-element elementor-element-ab56bb4 jltma-glass-effect-no elementor-widget elementor-widget-text-editor\" data-id=\"ab56bb4\" data-element_type=\"widget\" data-e-type=\"widget\" data-widget_type=\"text-editor.default\">\n\t\t\t\t<div class=\"elementor-widget-container\">\n\t\t\t\t\t\t\t\t\t<p id=\"education\" class=\"anchor\">Le dernier domaine d'int\u00e9r\u00eat de Coralive est la transmission appropri\u00e9e des connaissances et de l'exp\u00e9rience aux g\u00e9n\u00e9rations futures. Donner \u00e0 une communaut\u00e9 les outils n\u00e9cessaires pour d\u00e9fendre et maintenir ses besoins \u00e0 long terme tout en comprenant ceux de la plan\u00e8te, garantit la gestion durable des ressources et l'engagement continu des membres de la communaut\u00e9 dans la r\u00e9alisation de leurs objectifs.<\/p><ul><li>Campagnes de sensibilisation \u00e0 la pollution du plastique<\/li><li>\u00c9ducation sur les r\u00e9cifs coralliens, la for\u00eat de mangrove et les herbiers marins<\/li><li>\u00c9v\u00e9nements de nettoyage des plages et de l'oc\u00e9an<\/li><li>Cr\u00e9ation m\u00e9dia<\/li><\/ul>\t\t\t\t\t\t\t\t<\/div>\n\t\t\t\t<\/div>\n\t\t\t\t<\/div>\n\t\t<div class=\"elementor-element elementor-element-24e8550 e-con-full e-flex jltma-glass-effect-no e-con e-child\" data-id=\"24e8550\" data-element_type=\"container\" data-e-type=\"container\">\n\t\t\t\t<div class=\"elementor-element elementor-element-00ee651 jltma-glass-effect-no elementor-widget elementor-widget-image\" data-id=\"00ee651\" data-element_type=\"widget\" data-e-type=\"widget\" data-widget_type=\"image.default\">\n\t\t\t\t<div class=\"elementor-widget-container\">\n\t\t\t\t\t\t\t\t\t\t\t\t\t\t\t<img decoding=\"async\" src=\"https:\/\/www.coralive.org\/wp-content\/uploads\/elementor\/thumbs\/img4-qotqjdbgjc46y3g9i8sbimc9fngrr2fpcigovfmgxk.jpg\" title=\"Nettoyage international des c\u00f4tes 2011 en Jama\u00efque.\" alt=\"International Coastal Cleanup 2011 in Jamaica.\" loading=\"lazy\" \/>\t\t\t\t\t\t\t\t\t\t\t\t\t\t\t<\/div>\n\t\t\t\t<\/div>\n\t\t\t\t<\/div>\n\t\t\t\t\t<\/div>\n\t\t\t\t<\/div>\n\t\t\t\t<\/div>","protected":false},"excerpt":{"rendered":"<p>Shoreline Restoration Coastal areas and marine ecosystems around the world are facing significant and immediate threats. Highly stressed by pollution, natural resources exploitation, climate change, habitat destruction, and the compounding of these forces, many regions are struggling to recover. Coralive provides global best practices to catalyze the healing process and increase the ecosystem resiliency of [&hellip;]<\/p>\n","protected":false},"author":1,"featured_media":0,"parent":141,"menu_order":0,"comment_status":"closed","ping_status":"closed","template":"","meta":{"_monsterinsights_skip_tracking":false,"_monsterinsights_sitenote_active":false,"_monsterinsights_sitenote_note":"","_monsterinsights_sitenote_category":0,"footnotes":""},"class_list":["post-143","page","type-page","status-publish","hentry"],"acf":[],"aioseo_notices":[],"_links":{"self":[{"href":"https:\/\/www.coralive.org\/fr\/wp-json\/wp\/v2\/pages\/143","targetHints":{"allow":["GET"]}}],"collection":[{"href":"https:\/\/www.coralive.org\/fr\/wp-json\/wp\/v2\/pages"}],"about":[{"href":"https:\/\/www.coralive.org\/fr\/wp-json\/wp\/v2\/types\/page"}],"author":[{"embeddable":true,"href":"https:\/\/www.coralive.org\/fr\/wp-json\/wp\/v2\/users\/1"}],"replies":[{"embeddable":true,"href":"https:\/\/www.coralive.org\/fr\/wp-json\/wp\/v2\/comments?post=143"}],"version-history":[{"count":31,"href":"https:\/\/www.coralive.org\/fr\/wp-json\/wp\/v2\/pages\/143\/revisions"}],"predecessor-version":[{"id":866,"href":"https:\/\/www.coralive.org\/fr\/wp-json\/wp\/v2\/pages\/143\/revisions\/866"}],"up":[{"embeddable":true,"href":"https:\/\/www.coralive.org\/fr\/wp-json\/wp\/v2\/pages\/141"}],"wp:attachment":[{"href":"https:\/\/www.coralive.org\/fr\/wp-json\/wp\/v2\/media?parent=143"}],"curies":[{"name":"wp","href":"https:\/\/api.w.org\/{rel}","templated":true}]}}